{"id":2359,"date":"2025-01-27T14:59:30","date_gmt":"2025-01-27T14:59:30","guid":{"rendered":"https:\/\/www.boltinsight.com\/etudes-de-cas\/"},"modified":"2025-05-26T10:58:40","modified_gmt":"2025-05-26T09:58:40","slug":"etudes-de-cas","status":"publish","type":"page","link":"https:\/\/www.boltinsight.com\/fr\/etudes-de-cas\/","title":{"rendered":"\u00c9tudes de cas"},"content":{"rendered":"<div id=\"pl-2359\"  class=\"panel-layout\" ><div id=\"pg-2359-0\"  class=\"panel-grid panel-has-style\" ><div class=\"greypanel minusmargintop siteorigin-panels-stretch panel-row-style panel-row-style-for-2359-0\" data-stretch-type=\"full\" ><div id=\"pgc-2359-0-0\"  class=\"panel-grid-cell\" ><div id=\"panel-2359-0-0-0\" class=\"so-panel widget widget_sow-editor panel-first-child\" data-index=\"0\" ><div class=\"bluetext pinkheading largertext panel-widget-style panel-widget-style-for-2359-0-0-0\" ><div\n\t\t\t\n\t\t\tclass=\"so-widget-sow-editor so-widget-sow-editor-base\"\n\t\t\t\n\t\t>\n<div class=\"siteorigin-widget-tinymce textwidget\">\n\t<h1>\u00c9tudes de cas<\/h1>\n<p><strong>D\u00e9couvrez nos \u00e9tudes de cas d\u00e9taill\u00e9es pour voir comment nos solutions innovantes sont sp\u00e9cifiquement adapt\u00e9es pour r\u00e9pondre aux besoins des clients. D\u00e9couvrez comment BoltChatAI g\u00e9n\u00e8re du succ\u00e8s et \u00e9tablit de nouvelles r\u00e9f\u00e9rences dans l'industrie. <\/strong><\/p>\n<\/div>\n<\/div><\/div><\/div><div id=\"panel-2359-0-0-1\" class=\"so-panel widget widget_siteorigin-panels-postloop panel-last-child\" data-index=\"1\" ><div class=\"csloop panel-widget-style panel-widget-style-for-2359-0-0-1\" >\n\t<!-- the post loop widget needs a class of blogwrapperhome -->\n\n\t<div id=\"post-2361\" class=\"innerpostcs\">\n\t\t\n\t\t<div class=\"innerpostcontentimagecs\">\n\t\t\t\t\t\t\t<a href=\"https:\/\/www.boltinsight.com\/fr\/casestudy\/unilever-etude-de-cas\/\" title=\"Unilever \u00c9tude de cas\" class=\"zoom-container\">\n\t\t\t\t\t<img loading=\"lazy\" decoding=\"async\" width=\"584\" height=\"324\" src=\"https:\/\/www.boltinsight.com\/wp-content\/uploads\/2025\/01\/Unilever-x-BoltChatAI-header-2-1024x568.jpg\" class=\"zoom-on-hover wp-post-image\" alt=\"\" srcset=\"https:\/\/www.boltinsight.com\/wp-content\/uploads\/2025\/01\/Unilever-x-BoltChatAI-header-2-1024x568.jpg 1024w, https:\/\/www.boltinsight.com\/wp-content\/uploads\/2025\/01\/Unilever-x-BoltChatAI-header-2-300x166.jpg 300w, https:\/\/www.boltinsight.com\/wp-content\/uploads\/2025\/01\/Unilever-x-BoltChatAI-header-2-768x426.jpg 768w, https:\/\/www.boltinsight.com\/wp-content\/uploads\/2025\/01\/Unilever-x-BoltChatAI-header-2-500x277.jpg 500w, https:\/\/www.boltinsight.com\/wp-content\/uploads\/2025\/01\/Unilever-x-BoltChatAI-header-2.jpg 1140w\" sizes=\"auto, (max-width: 584px) 100vw, 584px\" \/>\t\t\t\t<\/a>\n\t\t\t\t\t<\/div>\n\n\t\t\n\t\t<div class=\"innerpostcontentcsloop\">\n\t\t\t\n\t\t\t\t\t\t\t<h3 class=\"casestudytitle\"><a href=\"https:\/\/www.boltinsight.com\/fr\/casestudy\/unilever-etude-de-cas\/\" rel=\"bookmark\">Unilever : des id\u00e9es d'innovation pour fa\u00e7onner les produits de demain<\/a><\/h3>\n\t\t\t\t\t\t\n\t\t\t\t\t\t\t<p>Unilever cherchait \u00e0 am\u00e9liorer son processus d'innovation en d\u00e9tectant des signaux pr\u00e9coces pour de nouvelles id\u00e9es d...<\/p>\n\t\t\t\t\t\t\n\t\t\t<div class=\"colorbuttonalt\">\n\t\t\t\t<a href=\"https:\/\/www.boltinsight.com\/fr\/casestudy\/unilever-etude-de-cas\/\" rel=\"bookmark\">Lire la suite<\/a>\n\t\t\t<\/div><!-- .entry-meta -->\n\t\t<\/div>\n\n\t\t\n\t<\/div><!-- #post-2361 -->\n\n\t<!-- the post loop widget needs a class of blogwrapperhome -->\n\n\t<div id=\"post-2367\" class=\"innerpostcs\">\n\t\t\n\t\t<div class=\"innerpostcontentimagecs\">\n\t\t\t\t\t\t\t<a href=\"https:\/\/www.boltinsight.com\/fr\/casestudy\/haleon-etude-de-cas\/\" title=\"Haleon \u00c9tude de cas\" class=\"zoom-container\">\n\t\t\t\t\t<img loading=\"lazy\" decoding=\"async\" width=\"584\" height=\"324\" src=\"https:\/\/www.boltinsight.com\/wp-content\/uploads\/2025\/01\/Haleon-x-BoltChatAI-2-1024x568.jpg\" class=\"zoom-on-hover wp-post-image\" alt=\"\" srcset=\"https:\/\/www.boltinsight.com\/wp-content\/uploads\/2025\/01\/Haleon-x-BoltChatAI-2-1024x568.jpg 1024w, https:\/\/www.boltinsight.com\/wp-content\/uploads\/2025\/01\/Haleon-x-BoltChatAI-2-300x166.jpg 300w, https:\/\/www.boltinsight.com\/wp-content\/uploads\/2025\/01\/Haleon-x-BoltChatAI-2-768x426.jpg 768w, https:\/\/www.boltinsight.com\/wp-content\/uploads\/2025\/01\/Haleon-x-BoltChatAI-2-500x277.jpg 500w, https:\/\/www.boltinsight.com\/wp-content\/uploads\/2025\/01\/Haleon-x-BoltChatAI-2.jpg 1140w\" sizes=\"auto, (max-width: 584px) 100vw, 584px\" \/>\t\t\t\t<\/a>\n\t\t\t\t\t<\/div>\n\n\t\t\n\t\t<div class=\"innerpostcontentcsloop\">\n\t\t\t\n\t\t\t\t\t\t\t<h3 class=\"casestudytitle\"><a href=\"https:\/\/www.boltinsight.com\/fr\/casestudy\/haleon-etude-de-cas\/\" rel=\"bookmark\">Haleon : Des gencives fortes, des analyses encore plus fortes<\/a><\/h3>\n\t\t\t\t\t\t\n\t\t\t\t\t\t\t<p>Haleon a entrepris d'identifier de nouvelles opportunit\u00e9s sur le march\u00e9 indien des soins bucco-dentaires. Leur object...<\/p>\n\t\t\t\t\t\t\n\t\t\t<div class=\"colorbuttonalt\">\n\t\t\t\t<a href=\"https:\/\/www.boltinsight.com\/fr\/casestudy\/haleon-etude-de-cas\/\" rel=\"bookmark\">Lire la suite<\/a>\n\t\t\t<\/div><!-- .entry-meta -->\n\t\t<\/div>\n\n\t\t\n\t<\/div><!-- #post-2367 -->\n\n\t<!-- the post loop widget needs a class of blogwrapperhome -->\n\n\t<div id=\"post-2371\" class=\"innerpostcs\">\n\t\t\n\t\t<div class=\"innerpostcontentimagecs\">\n\t\t\t\t\t\t\t<a href=\"https:\/\/www.boltinsight.com\/fr\/casestudy\/correlation\/\" title=\"Correlation\" class=\"zoom-container\">\n\t\t\t\t\t<img loading=\"lazy\" decoding=\"async\" width=\"584\" height=\"324\" src=\"https:\/\/www.boltinsight.com\/wp-content\/uploads\/2025\/01\/Correlation-x-BoltChatAI-header-2-1024x568.jpg\" class=\"zoom-on-hover wp-post-image\" alt=\"\" srcset=\"https:\/\/www.boltinsight.com\/wp-content\/uploads\/2025\/01\/Correlation-x-BoltChatAI-header-2-1024x568.jpg 1024w, https:\/\/www.boltinsight.com\/wp-content\/uploads\/2025\/01\/Correlation-x-BoltChatAI-header-2-300x166.jpg 300w, https:\/\/www.boltinsight.com\/wp-content\/uploads\/2025\/01\/Correlation-x-BoltChatAI-header-2-768x426.jpg 768w, https:\/\/www.boltinsight.com\/wp-content\/uploads\/2025\/01\/Correlation-x-BoltChatAI-header-2-500x277.jpg 500w, https:\/\/www.boltinsight.com\/wp-content\/uploads\/2025\/01\/Correlation-x-BoltChatAI-header-2.jpg 1140w\" sizes=\"auto, (max-width: 584px) 100vw, 584px\" \/>\t\t\t\t<\/a>\n\t\t\t\t\t<\/div>\n\n\t\t\n\t\t<div class=\"innerpostcontentcsloop\">\n\t\t\t\n\t\t\t\t\t\t\t<h3 class=\"casestudytitle\"><a href=\"https:\/\/www.boltinsight.com\/fr\/casestudy\/correlation\/\" rel=\"bookmark\">Correlation : Innover l'avenir de l'assurance pour animaux de compagnie<\/a><\/h3>\n\t\t\t\t\t\t\n\t\t\t\t\t\t\t<p>Correlation souhaitait cr\u00e9er un nouveau mod\u00e8le d'assurance pour animaux de compagnie qui se d\u00e9marque des options exis...<\/p>\n\t\t\t\t\t\t\n\t\t\t<div class=\"colorbuttonalt\">\n\t\t\t\t<a href=\"https:\/\/www.boltinsight.com\/fr\/casestudy\/correlation\/\" rel=\"bookmark\">Lire la suite<\/a>\n\t\t\t<\/div><!-- .entry-meta -->\n\t\t<\/div>\n\n\t\t\n\t<\/div><!-- #post-2371 -->\n\n\t<!-- the post loop widget needs a class of blogwrapperhome -->\n\n\t<div id=\"post-2378\" class=\"innerpostcs\">\n\t\t\n\t\t<div class=\"innerpostcontentimagecs\">\n\t\t\t\t\t\t\t<a href=\"https:\/\/www.boltinsight.com\/fr\/casestudy\/danone-etude-de-cas\/\" title=\"Danone \u00c9tude de cas\" class=\"zoom-container\">\n\t\t\t\t\t<img loading=\"lazy\" decoding=\"async\" width=\"584\" height=\"324\" src=\"https:\/\/www.boltinsight.com\/wp-content\/uploads\/2025\/01\/YoPro-2-1024x568.jpg\" class=\"zoom-on-hover wp-post-image\" alt=\"\" srcset=\"https:\/\/www.boltinsight.com\/wp-content\/uploads\/2025\/01\/YoPro-2-1024x568.jpg 1024w, https:\/\/www.boltinsight.com\/wp-content\/uploads\/2025\/01\/YoPro-2-300x166.jpg 300w, https:\/\/www.boltinsight.com\/wp-content\/uploads\/2025\/01\/YoPro-2-768x426.jpg 768w, https:\/\/www.boltinsight.com\/wp-content\/uploads\/2025\/01\/YoPro-2-500x277.jpg 500w, https:\/\/www.boltinsight.com\/wp-content\/uploads\/2025\/01\/YoPro-2.jpg 1140w\" sizes=\"auto, (max-width: 584px) 100vw, 584px\" \/>\t\t\t\t<\/a>\n\t\t\t\t\t<\/div>\n\n\t\t\n\t\t<div class=\"innerpostcontentcsloop\">\n\t\t\t\n\t\t\t\t\t\t\t<h3 class=\"casestudytitle\"><a href=\"https:\/\/www.boltinsight.com\/fr\/casestudy\/danone-etude-de-cas\/\" rel=\"bookmark\">Danone : Des perspectives riches en prot\u00e9ines pour cultiver le bien-\u00eatre<\/a><\/h3>\n\t\t\t\t\t\t\n\t\t\t\t\t\t\t<p>En tant que leader mondial de l'industrie alimentaire et des boissons, Danone s'est depuis longtemps engag\u00e9 \u00e0 apporte...<\/p>\n\t\t\t\t\t\t\n\t\t\t<div class=\"colorbuttonalt\">\n\t\t\t\t<a href=\"https:\/\/www.boltinsight.com\/fr\/casestudy\/danone-etude-de-cas\/\" rel=\"bookmark\">Lire la suite<\/a>\n\t\t\t<\/div><!-- .entry-meta -->\n\t\t<\/div>\n\n\t\t\n\t<\/div><!-- #post-2378 -->\n\n\t<!-- the post loop widget needs a class of blogwrapperhome -->\n\n\t<div id=\"post-2381\" class=\"innerpostcs\">\n\t\t\n\t\t<div class=\"innerpostcontentimagecs\">\n\t\t\t\t\t\t\t<a href=\"https:\/\/www.boltinsight.com\/fr\/casestudy\/vodafone-etudes-de-cas\/\" title=\"Vodafone \u00c9tudes de cas\" class=\"zoom-container\">\n\t\t\t\t\t<img loading=\"lazy\" decoding=\"async\" width=\"569\" height=\"316\" src=\"https:\/\/www.boltinsight.com\/wp-content\/uploads\/2025\/01\/Vodafone-case-study-photo-569x316-1.jpg\" class=\"zoom-on-hover wp-post-image\" alt=\"\" srcset=\"https:\/\/www.boltinsight.com\/wp-content\/uploads\/2025\/01\/Vodafone-case-study-photo-569x316-1.jpg 569w, https:\/\/www.boltinsight.com\/wp-content\/uploads\/2025\/01\/Vodafone-case-study-photo-569x316-1-300x167.jpg 300w, https:\/\/www.boltinsight.com\/wp-content\/uploads\/2025\/01\/Vodafone-case-study-photo-569x316-1-500x278.jpg 500w\" sizes=\"auto, (max-width: 569px) 100vw, 569px\" \/>\t\t\t\t<\/a>\n\t\t\t\t\t<\/div>\n\n\t\t\n\t\t<div class=\"innerpostcontentcsloop\">\n\t\t\t\n\t\t\t\t\t\t\t<h3 class=\"casestudytitle\"><a href=\"https:\/\/www.boltinsight.com\/fr\/casestudy\/vodafone-etudes-de-cas\/\" rel=\"bookmark\">\u00c9valuation de la campagne publicitaire de No\u00ebl de Vodafone<\/a><\/h3>\n\t\t\t\t\t\t\n\t\t\t\t\t\t\t<p>Chez BoltChatAI, nous sommes fiers de g\u00e9n\u00e9rer des perspectives qualitatives rapides et exploitables pour les marques,...<\/p>\n\t\t\t\t\t\t\n\t\t\t<div class=\"colorbuttonalt\">\n\t\t\t\t<a href=\"https:\/\/www.boltinsight.com\/fr\/casestudy\/vodafone-etudes-de-cas\/\" rel=\"bookmark\">Lire la suite<\/a>\n\t\t\t<\/div><!-- .entry-meta -->\n\t\t<\/div>\n\n\t\t\n\t<\/div><!-- #post-2381 -->\n\n\t<!-- the post loop widget needs a class of blogwrapperhome -->\n\n\t<div id=\"post-2385\" class=\"innerpostcs\">\n\t\t\n\t\t<div class=\"innerpostcontentimagecs\">\n\t\t\t\t\t\t\t<a href=\"https:\/\/www.boltinsight.com\/fr\/casestudy\/whyte-and-mackay-etude-de-cas\/\" title=\"Whyte and Mackay \u00c9tude de cas\" class=\"zoom-container\">\n\t\t\t\t\t<img loading=\"lazy\" decoding=\"async\" width=\"569\" height=\"316\" src=\"https:\/\/www.boltinsight.com\/wp-content\/uploads\/2025\/01\/BoltChatAI-Whyte-Mackay-569x316-1.jpg\" class=\"zoom-on-hover wp-post-image\" alt=\"\" srcset=\"https:\/\/www.boltinsight.com\/wp-content\/uploads\/2025\/01\/BoltChatAI-Whyte-Mackay-569x316-1.jpg 569w, https:\/\/www.boltinsight.com\/wp-content\/uploads\/2025\/01\/BoltChatAI-Whyte-Mackay-569x316-1-300x167.jpg 300w, https:\/\/www.boltinsight.com\/wp-content\/uploads\/2025\/01\/BoltChatAI-Whyte-Mackay-569x316-1-500x278.jpg 500w\" sizes=\"auto, (max-width: 569px) 100vw, 569px\" \/>\t\t\t\t<\/a>\n\t\t\t\t\t<\/div>\n\n\t\t\n\t\t<div class=\"innerpostcontentcsloop\">\n\t\t\t\n\t\t\t\t\t\t\t<h3 class=\"casestudytitle\"><a href=\"https:\/\/www.boltinsight.com\/fr\/casestudy\/whyte-and-mackay-etude-de-cas\/\" rel=\"bookmark\">Whyte &amp; Mackay : Perspectives rapides, spiritueux de qualit\u00e9<\/a><\/h3>\n\t\t\t\t\t\t\n\t\t\t\t\t\t\t<p>Whyte & Mackay, acteur majeur de l'industrie des boissons alcoolis\u00e9es, souhaitait \u00e9valuer la perception des consommat...<\/p>\n\t\t\t\t\t\t\n\t\t\t<div class=\"colorbuttonalt\">\n\t\t\t\t<a href=\"https:\/\/www.boltinsight.com\/fr\/casestudy\/whyte-and-mackay-etude-de-cas\/\" rel=\"bookmark\">Lire la suite<\/a>\n\t\t\t<\/div><!-- .entry-meta -->\n\t\t<\/div>\n\n\t\t\n\t<\/div><!-- #post-2385 -->\n<\/div><\/div><\/div><\/div><\/div><div id=\"pg-2359-1\"  class=\"panel-grid panel-no-style\" ><div id=\"pgc-2359-1-0\"  class=\"panel-grid-cell\" ><div id=\"panel-2359-1-0-0\" class=\"so-panel widget widget_so-premium-mirror-widget panel-first-child panel-last-child\" data-index=\"2\" ><div\n\t\t\t\n\t\t\tclass=\"so-widget-so-premium-mirror-widget so-widget-so-premium-mirror-widget-default-d75171398898-2385\"\n\t\t\t\n\t\t><div id=\"pl-w69f22bccacad2\"  class=\"panel-layout\" ><div id=\"pg-w69f22bccacad2-0\"  class=\"panel-grid panel-has-style\" ><div class=\"greenpanelcta siteorigin-panels-stretch panel-row-style panel-row-style-for-w69f22bccacad2-0\" data-stretch-type=\"full\" ><div id=\"pgc-w69f22bccacad2-0-0\"  class=\"panel-grid-cell panel-grid-cell-empty\" ><\/div><div id=\"pgc-w69f22bccacad2-0-1\"  class=\"panel-grid-cell panel-grid-cell-mobile-last\" ><div id=\"panel-w69f22bccacad2-0-1-0\" class=\"so-panel widget widget_sow-editor panel-first-child\" data-index=\"0\" ><div\n\t\t\t\n\t\t\tclass=\"so-widget-sow-editor so-widget-sow-editor-base\"\n\t\t\t\n\t\t>\n<div class=\"siteorigin-widget-tinymce textwidget\">\n\t<h3>D\u00e9couvrez la recherche de march\u00e9 qualitative propuls\u00e9e par l'IA en action avec une d\u00e9mo personnalis\u00e9e.<\/h3>\n<\/div>\n<\/div><\/div><div id=\"panel-w69f22bccacad2-0-1-1\" class=\"so-panel widget widget_sow-editor panel-last-child\" data-index=\"1\" ><div class=\"colorbuttonwhite popmake-889 panel-widget-style panel-widget-style-for-w69f22bccacad2-0-1-1\" ><div\n\t\t\t\n\t\t\tclass=\"so-widget-sow-editor so-widget-sow-editor-base\"\n\t\t\t\n\t\t>\n<div class=\"siteorigin-widget-tinymce textwidget\">\n\t<p><a href=\"#\">R\u00e9servez une d\u00e9mo d\u00e8s maintenant !<\/a><\/p>\n<\/div>\n<\/div><\/div><\/div><\/div><div id=\"pgc-w69f22bccacad2-0-2\"  class=\"panel-grid-cell panel-grid-cell-empty\" ><\/div><\/div><\/div><\/div><\/div><\/div><\/div><\/div><\/div>","protected":false},"excerpt":{"rendered":"<p>Whyte &amp; Mackay : Perspectives rapides, spiritueux de qualit\u00e9 Recommandations cl\u00e9s pour stimuler la notori\u00e9t\u00e9 de la marque hors rayon et les opportunit\u00e9s de croissance Initiative strat\u00e9gique de Whyte &amp; Mackay : Stimuler la notori\u00e9t\u00e9 de la marque hors rayon &hellip; <a href=\"https:\/\/www.boltinsight.com\/fr\/casestudy\/whyte-and-mackay-etude-de-cas\/\">Continue reading <span class=\"meta-nav\">&rarr;<\/span><\/a><\/p>\n","protected":false},"author":1,"featured_media":0,"parent":0,"menu_order":0,"comment_status":"closed","ping_status":"closed","template":"","meta":{"_acf_changed":false,"footnotes":""},"class_list":["post-2359","page","type-page","status-publish","hentry"],"acf":[],"yoast_head":"<!-- This site is optimized with the Yoast SEO plugin v24.6 - https:\/\/yoast.com\/wordpress\/plugins\/seo\/ -->\n<title>\u00c9tudes de cas | Bolt Chat AI<\/title>\n<meta name=\"description\" content=\"Explorez les derni\u00e8res technologies de l&#039;IA, les discussions perspicaces et les tendances de l&#039;industrie sur le contenu BoltChat AI.\" \/>\n<meta name=\"robots\" content=\"index, follow, max-snippet:-1, max-image-preview:large, max-video-preview:-1\" \/>\n<link rel=\"canonical\" href=\"https:\/\/www.boltinsight.com\/fr\/etudes-de-cas\/\" \/>\n<meta property=\"og:locale\" content=\"fr_FR\" \/>\n<meta property=\"og:type\" content=\"article\" \/>\n<meta property=\"og:title\" content=\"\u00c9tudes de cas | Bolt Chat AI\" \/>\n<meta property=\"og:description\" content=\"Explorez les derni\u00e8res technologies de l&#039;IA, les discussions perspicaces et les tendances de l&#039;industrie sur le contenu BoltChat AI.\" \/>\n<meta property=\"og:url\" content=\"https:\/\/www.boltinsight.com\/fr\/etudes-de-cas\/\" \/>\n<meta property=\"og:site_name\" content=\"Bolt\" \/>\n<meta property=\"article:modified_time\" content=\"2025-05-26T09:58:40+00:00\" \/>\n<meta name=\"twitter:card\" content=\"summary_large_image\" \/>\n<meta name=\"twitter:label1\" content=\"Dur\u00e9e de lecture estim\u00e9e\" \/>\n\t<meta name=\"twitter:data1\" content=\"1 minute\" \/>\n<script type=\"application\/ld+json\" class=\"yoast-schema-graph\">{\"@context\":\"https:\/\/schema.org\",\"@graph\":[{\"@type\":\"WebPage\",\"@id\":\"https:\/\/www.boltinsight.com\/fr\/etudes-de-cas\/\",\"url\":\"https:\/\/www.boltinsight.com\/fr\/etudes-de-cas\/\",\"name\":\"\u00c9tudes de cas | Bolt Chat AI\",\"isPartOf\":{\"@id\":\"https:\/\/www.boltinsight.com\/fr\/#website\"},\"datePublished\":\"2025-01-27T14:59:30+00:00\",\"dateModified\":\"2025-05-26T09:58:40+00:00\",\"description\":\"Explorez les derni\u00e8res technologies de l'IA, les discussions perspicaces et les tendances de l'industrie sur le contenu BoltChat AI.\",\"breadcrumb\":{\"@id\":\"https:\/\/www.boltinsight.com\/fr\/etudes-de-cas\/#breadcrumb\"},\"inLanguage\":\"fr-FR\",\"potentialAction\":[{\"@type\":\"ReadAction\",\"target\":[\"https:\/\/www.boltinsight.com\/fr\/etudes-de-cas\/\"]}]},{\"@type\":\"BreadcrumbList\",\"@id\":\"https:\/\/www.boltinsight.com\/fr\/etudes-de-cas\/#breadcrumb\",\"itemListElement\":[{\"@type\":\"ListItem\",\"position\":1,\"name\":\"Home\",\"item\":\"https:\/\/www.boltinsight.com\/fr\/\"},{\"@type\":\"ListItem\",\"position\":2,\"name\":\"\u00c9tudes de cas\"}]},{\"@type\":\"WebSite\",\"@id\":\"https:\/\/www.boltinsight.com\/fr\/#website\",\"url\":\"https:\/\/www.boltinsight.com\/fr\/\",\"name\":\"Bolt\",\"description\":\"\",\"potentialAction\":[{\"@type\":\"SearchAction\",\"target\":{\"@type\":\"EntryPoint\",\"urlTemplate\":\"https:\/\/www.boltinsight.com\/fr\/?s={search_term_string}\"},\"query-input\":{\"@type\":\"PropertyValueSpecification\",\"valueRequired\":true,\"valueName\":\"search_term_string\"}}],\"inLanguage\":\"fr-FR\"}]}<\/script>\n<!-- \/ Yoast SEO plugin. -->","yoast_head_json":{"title":"\u00c9tudes de cas | Bolt Chat AI","description":"Explorez les derni\u00e8res technologies de l'IA, les discussions perspicaces et les tendances de l'industrie sur le contenu BoltChat AI.","robots":{"index":"index","follow":"follow","max-snippet":"max-snippet:-1","max-image-preview":"max-image-preview:large","max-video-preview":"max-video-preview:-1"},"canonical":"https:\/\/www.boltinsight.com\/fr\/etudes-de-cas\/","og_locale":"fr_FR","og_type":"article","og_title":"\u00c9tudes de cas | Bolt Chat AI","og_description":"Explorez les derni\u00e8res technologies de l'IA, les discussions perspicaces et les tendances de l'industrie sur le contenu BoltChat AI.","og_url":"https:\/\/www.boltinsight.com\/fr\/etudes-de-cas\/","og_site_name":"Bolt","article_modified_time":"2025-05-26T09:58:40+00:00","twitter_card":"summary_large_image","twitter_misc":{"Dur\u00e9e de lecture estim\u00e9e":"1 minute"},"schema":{"@context":"https:\/\/schema.org","@graph":[{"@type":"WebPage","@id":"https:\/\/www.boltinsight.com\/fr\/etudes-de-cas\/","url":"https:\/\/www.boltinsight.com\/fr\/etudes-de-cas\/","name":"\u00c9tudes de cas | Bolt Chat AI","isPartOf":{"@id":"https:\/\/www.boltinsight.com\/fr\/#website"},"datePublished":"2025-01-27T14:59:30+00:00","dateModified":"2025-05-26T09:58:40+00:00","description":"Explorez les derni\u00e8res technologies de l'IA, les discussions perspicaces et les tendances de l'industrie sur le contenu BoltChat AI.","breadcrumb":{"@id":"https:\/\/www.boltinsight.com\/fr\/etudes-de-cas\/#breadcrumb"},"inLanguage":"fr-FR","potentialAction":[{"@type":"ReadAction","target":["https:\/\/www.boltinsight.com\/fr\/etudes-de-cas\/"]}]},{"@type":"BreadcrumbList","@id":"https:\/\/www.boltinsight.com\/fr\/etudes-de-cas\/#breadcrumb","itemListElement":[{"@type":"ListItem","position":1,"name":"Home","item":"https:\/\/www.boltinsight.com\/fr\/"},{"@type":"ListItem","position":2,"name":"\u00c9tudes de cas"}]},{"@type":"WebSite","@id":"https:\/\/www.boltinsight.com\/fr\/#website","url":"https:\/\/www.boltinsight.com\/fr\/","name":"Bolt","description":"","potentialAction":[{"@type":"SearchAction","target":{"@type":"EntryPoint","urlTemplate":"https:\/\/www.boltinsight.com\/fr\/?s={search_term_string}"},"query-input":{"@type":"PropertyValueSpecification","valueRequired":true,"valueName":"search_term_string"}}],"inLanguage":"fr-FR"}]}},"_links":{"self":[{"href":"https:\/\/www.boltinsight.com\/fr\/wp-json\/wp\/v2\/pages\/2359","targetHints":{"allow":["GET"]}}],"collection":[{"href":"https:\/\/www.boltinsight.com\/fr\/wp-json\/wp\/v2\/pages"}],"about":[{"href":"https:\/\/www.boltinsight.com\/fr\/wp-json\/wp\/v2\/types\/page"}],"author":[{"embeddable":true,"href":"https:\/\/www.boltinsight.com\/fr\/wp-json\/wp\/v2\/users\/1"}],"replies":[{"embeddable":true,"href":"https:\/\/www.boltinsight.com\/fr\/wp-json\/wp\/v2\/comments?post=2359"}],"version-history":[{"count":2,"href":"https:\/\/www.boltinsight.com\/fr\/wp-json\/wp\/v2\/pages\/2359\/revisions"}],"predecessor-version":[{"id":2363,"href":"https:\/\/www.boltinsight.com\/fr\/wp-json\/wp\/v2\/pages\/2359\/revisions\/2363"}],"wp:attachment":[{"href":"https:\/\/www.boltinsight.com\/fr\/wp-json\/wp\/v2\/media?parent=2359"}],"curies":[{"name":"wp","href":"https:\/\/api.w.org\/{rel}","templated":true}]}}