{"id":2438,"date":"2025-01-27T14:28:53","date_gmt":"2025-01-27T14:28:53","guid":{"rendered":"https:\/\/www.boltinsight.com\/enrichissement-des-donnees-quantitatives\/"},"modified":"2025-05-27T09:43:38","modified_gmt":"2025-05-27T08:43:38","slug":"enrichissement-des-donnees-quantitatives","status":"publish","type":"page","link":"https:\/\/www.boltinsight.com\/fr\/enrichissement-des-donnees-quantitatives\/","title":{"rendered":"Enrichissement des donn\u00e9es quantitatives"},"content":{"rendered":"<div id=\"pl-2438\"  class=\"panel-layout\" ><div id=\"pg-2438-0\"  class=\"panel-grid panel-no-style\" ><div id=\"pgc-2438-0-0\"  class=\"panel-grid-cell\" ><div id=\"panel-2438-0-0-0\" class=\"so-panel widget widget_sow-image panel-first-child\" data-index=\"0\" ><div\n\t\t\t\n\t\t\tclass=\"so-widget-sow-image so-widget-sow-image-default-8b5b6f678277-2438\"\n\t\t\t\n\t\t>\n<div class=\"sow-image-container\">\n\t\t<img loading=\"lazy\" decoding=\"async\" src=\"https:\/\/www.boltinsight.com\/wp-content\/uploads\/2025\/01\/Icon-3-1.png\" width=\"134\" height=\"109\" sizes=\"auto, (max-width: 134px) 100vw, 134px\" title=\"Icon 3\" alt=\"Icon 3\" \t\tclass=\"so-widget-image\"\/>\n\t<\/div>\n\n<\/div><\/div><div id=\"panel-2438-0-0-1\" class=\"so-panel widget widget_sow-editor panel-last-child\" data-index=\"1\" ><div\n\t\t\t\n\t\t\tclass=\"so-widget-sow-editor so-widget-sow-editor-base\"\n\t\t\t\n\t\t>\n<div class=\"siteorigin-widget-tinymce textwidget\">\n\t<h1>Enrichissement des<br \/>\ndonn\u00e9es quantitatives<\/h1>\n<\/div>\n<\/div><\/div><\/div><div id=\"pgc-2438-0-1\"  class=\"panel-grid-cell\" ><div id=\"panel-2438-0-1-0\" class=\"so-panel widget widget_sow-image panel-first-child panel-last-child\" data-index=\"2\" ><div\n\t\t\t\n\t\t\tclass=\"so-widget-sow-image so-widget-sow-image-default-8b5b6f678277-2438\"\n\t\t\t\n\t\t>\n<div class=\"sow-image-container\">\n\t\t<img loading=\"lazy\" decoding=\"async\" src=\"https:\/\/www.boltinsight.com\/wp-content\/uploads\/2025\/01\/5_1.png\" width=\"488\" height=\"568\" srcset=\"https:\/\/www.boltinsight.com\/wp-content\/uploads\/2025\/01\/5_1.png 488w, https:\/\/www.boltinsight.com\/wp-content\/uploads\/2025\/01\/5_1-258x300.png 258w\" sizes=\"auto, (max-width: 488px) 100vw, 488px\" alt=\"5_1\" \t\tclass=\"so-widget-image\"\/>\n\t<\/div>\n\n<\/div><\/div><\/div><\/div><div id=\"pg-2438-1\"  class=\"panel-grid panel-has-style\" ><div class=\"extramarginbelow siteorigin-panels-stretch panel-row-style panel-row-style-for-2438-1\" data-stretch-type=\"full-width-stretch\" ><div id=\"pgc-2438-1-0\"  class=\"panel-grid-cell\" ><div id=\"panel-2438-1-0-0\" class=\"so-panel widget widget_siteorigin-panels-builder panel-first-child panel-last-child\" data-index=\"3\" ><div class=\"bluepanelsolutions panel-widget-style panel-widget-style-for-2438-1-0-0\" ><div id=\"pl-w67990037be62a\"  class=\"panel-layout\" ><div id=\"pg-w67990037be62a-0\"  class=\"panel-grid panel-no-style\" ><div id=\"pgc-w67990037be62a-0-0\"  class=\"panel-grid-cell\" ><div id=\"panel-w67990037be62a-0-0-0\" class=\"so-panel widget widget_sow-image panel-first-child panel-last-child\" data-index=\"0\" ><div\n\t\t\t\n\t\t\tclass=\"so-widget-sow-image so-widget-sow-image-default-8b5b6f678277\"\n\t\t\t\n\t\t>\n<div class=\"sow-image-container\">\n\t\t<img loading=\"lazy\" decoding=\"async\" src=\"https:\/\/www.boltinsight.com\/wp-content\/uploads\/2025\/01\/1_5.png\" width=\"500\" height=\"500\" srcset=\"https:\/\/www.boltinsight.com\/wp-content\/uploads\/2025\/01\/1_5.png 500w, https:\/\/www.boltinsight.com\/wp-content\/uploads\/2025\/01\/1_5-300x300.png 300w, https:\/\/www.boltinsight.com\/wp-content\/uploads\/2025\/01\/1_5-150x150.png 150w, https:\/\/www.boltinsight.com\/wp-content\/uploads\/2025\/01\/1_5-400x400.png 400w\" sizes=\"auto, (max-width: 500px) 100vw, 500px\" alt=\"1_5\" \t\tclass=\"so-widget-image\"\/>\n\t<\/div>\n\n<\/div><\/div><\/div><div id=\"pgc-w67990037be62a-0-1\"  class=\"panel-grid-cell\" ><div id=\"panel-w67990037be62a-0-1-0\" class=\"so-panel widget widget_sow-editor panel-first-child panel-last-child\" data-index=\"1\" ><div class=\"lighterheading panel-widget-style panel-widget-style-for-w67990037be62a-0-1-0\" ><div\n\t\t\t\n\t\t\tclass=\"so-widget-sow-editor so-widget-sow-editor-base\"\n\t\t\t\n\t\t>\n<div class=\"siteorigin-widget-tinymce textwidget\">\n\t<h2>Qu'est-ce que c'est ?<\/h2>\n<p>Les donn\u00e9es quantitatives sont pr\u00e9cieuses, mais parfois, elles ouvrent de nouvelles questions, hypoth\u00e8ses ou interpr\u00e9tations potentielles qui n\u00e9cessitent une investigation plus approfondie.<\/p>\n<p>BoltChatAI offre une solution avanc\u00e9e pour enrichir les donn\u00e9es quantitatives en approfondissant des questions sp\u00e9cifiques pour des insights exploitables<\/p>\n<\/div>\n<\/div><\/div><\/div><\/div><\/div><\/div><\/div><\/div><\/div><\/div><\/div><div id=\"pg-2438-2\"  class=\"panel-grid panel-no-style\" ><div id=\"pgc-2438-2-0\"  class=\"panel-grid-cell\" ><div id=\"panel-2438-2-0-0\" class=\"so-panel widget widget_sow-editor panel-first-child panel-last-child\" data-index=\"4\" ><div\n\t\t\t\n\t\t\tclass=\"so-widget-sow-editor so-widget-sow-editor-base\"\n\t\t\t\n\t\t>\n<div class=\"siteorigin-widget-tinymce textwidget\">\n\t<h2 style=\"text-align: center;\">Pourquoi l'utiliser ?<\/h2>\n<\/div>\n<\/div><\/div><\/div><\/div><div id=\"pg-2438-3\"  class=\"panel-grid panel-no-style\" ><div id=\"pgc-2438-3-0\"  class=\"panel-grid-cell\" ><div id=\"panel-2438-3-0-0\" class=\"so-panel widget widget_sow-editor panel-first-child panel-last-child\" data-index=\"5\" ><div\n\t\t\t\n\t\t\tclass=\"so-widget-sow-editor so-widget-sow-editor-base\"\n\t\t\t\n\t\t>\n<div class=\"siteorigin-widget-tinymce textwidget\">\n\t<h4>Informations plus profondes<\/h4>\n<p>BoltChatAI peut vous aider \u00e0 obtenir une compr\u00e9hension encore plus profonde de la fa\u00e7on dont votre audience cible r\u00e9agit \u00e0 vos cr\u00e9ations, vous aidant \u00e0 affiner votre campagne pour r\u00e9sonner plus efficacement avec vos consommateurs<\/p>\n<\/div>\n<\/div><\/div><\/div><div id=\"pgc-2438-3-1\"  class=\"panel-grid-cell\" ><div id=\"panel-2438-3-1-0\" class=\"so-panel widget widget_sow-image panel-first-child panel-last-child\" data-index=\"6\" ><div\n\t\t\t\n\t\t\tclass=\"so-widget-sow-image so-widget-sow-image-default-c67d20f9f743-2438\"\n\t\t\t\n\t\t>\n<div class=\"sow-image-container\">\n\t\t<img loading=\"lazy\" decoding=\"async\" src=\"https:\/\/www.boltinsight.com\/wp-content\/uploads\/2025\/01\/Case_05_IMG01.png\" width=\"376\" height=\"387\" srcset=\"https:\/\/www.boltinsight.com\/wp-content\/uploads\/2025\/01\/Case_05_IMG01.png 376w, https:\/\/www.boltinsight.com\/wp-content\/uploads\/2025\/01\/Case_05_IMG01-291x300.png 291w\" sizes=\"auto, (max-width: 376px) 100vw, 376px\" alt=\"Case_05_IMG01\" \t\tclass=\"so-widget-image\"\/>\n\t<\/div>\n\n<\/div><\/div><\/div><\/div><div id=\"pg-2438-4\"  class=\"panel-grid panel-no-style\" ><div id=\"pgc-2438-4-0\"  class=\"panel-grid-cell\" ><div id=\"panel-2438-4-0-0\" class=\"so-panel widget widget_sow-image panel-first-child panel-last-child\" data-index=\"7\" ><div\n\t\t\t\n\t\t\tclass=\"so-widget-sow-image so-widget-sow-image-default-c67d20f9f743-2438\"\n\t\t\t\n\t\t>\n<div class=\"sow-image-container\">\n\t\t<img loading=\"lazy\" decoding=\"async\" src=\"https:\/\/www.boltinsight.com\/wp-content\/uploads\/2025\/01\/Case_05_IMG02.png\" width=\"374\" height=\"345\" srcset=\"https:\/\/www.boltinsight.com\/wp-content\/uploads\/2025\/01\/Case_05_IMG02.png 374w, https:\/\/www.boltinsight.com\/wp-content\/uploads\/2025\/01\/Case_05_IMG02-300x277.png 300w, https:\/\/www.boltinsight.com\/wp-content\/uploads\/2025\/01\/Case_05_IMG02-325x300.png 325w\" sizes=\"auto, (max-width: 374px) 100vw, 374px\" alt=\"Case_05_IMG02\" \t\tclass=\"so-widget-image\"\/>\n\t<\/div>\n\n<\/div><\/div><\/div><div id=\"pgc-2438-4-1\"  class=\"panel-grid-cell\" ><div id=\"panel-2438-4-1-0\" class=\"so-panel widget widget_sow-editor panel-first-child panel-last-child\" data-index=\"8\" ><div\n\t\t\t\n\t\t\tclass=\"so-widget-sow-editor so-widget-sow-editor-base\"\n\t\t\t\n\t\t>\n<div class=\"siteorigin-widget-tinymce textwidget\">\n\t<h4>Am\u00e9lioration de la prise de d\u00e9cision<\/h4>\n<p>Enrichir les donn\u00e9es avec des insights guid\u00e9s par l'IA conduit \u00e0 une prise de d\u00e9cision plus inform\u00e9e et strat\u00e9gique. En interpr\u00e9tant les implications plus profondes, vous pouvez faire des choix qui sont non seulement bas\u00e9s sur les donn\u00e9es, mais qui sont \u00e9galement align\u00e9s avec vos objectifs commerciaux globaux. <\/p>\n<\/div>\n<\/div><\/div><\/div><\/div><div id=\"pg-2438-5\"  class=\"panel-grid panel-has-style\" ><div class=\"extramarginbelow panel-row-style panel-row-style-for-2438-5\" ><div id=\"pgc-2438-5-0\"  class=\"panel-grid-cell\" ><div id=\"panel-2438-5-0-0\" class=\"so-panel widget widget_sow-editor panel-first-child panel-last-child\" data-index=\"9\" ><div\n\t\t\t\n\t\t\tclass=\"so-widget-sow-editor so-widget-sow-editor-base\"\n\t\t\t\n\t\t>\n<div class=\"siteorigin-widget-tinymce textwidget\">\n\t<h4>Efficacit\u00e9 et pr\u00e9cision<\/h4>\n<p>Notre int\u00e9gration de l'IA dans l'exploration et l'analyse des donn\u00e9es simplifie consid\u00e9rablement le processus, le rendant plus rapide et plus pr\u00e9cis.<\/p>\n<p>Cette am\u00e9lioration de l'efficacit\u00e9 et de la pr\u00e9cision garantit que vous pouvez vous fier aux donn\u00e9es et aux insights fournis par BoltChatAI, conduisant \u00e0 des d\u00e9lais d'ex\u00e9cution plus rapides et \u00e0 une marge d'erreur r\u00e9duite.<\/p>\n<\/div>\n<\/div><\/div><\/div><div id=\"pgc-2438-5-1\"  class=\"panel-grid-cell\" ><div id=\"panel-2438-5-1-0\" class=\"so-panel widget widget_sow-image panel-first-child panel-last-child\" data-index=\"10\" ><div\n\t\t\t\n\t\t\tclass=\"so-widget-sow-image so-widget-sow-image-default-c67d20f9f743-2438\"\n\t\t\t\n\t\t>\n<div class=\"sow-image-container\">\n\t\t<img loading=\"lazy\" decoding=\"async\" src=\"https:\/\/www.boltinsight.com\/wp-content\/uploads\/2025\/01\/Case_05_IMG03.png\" width=\"387\" height=\"358\" srcset=\"https:\/\/www.boltinsight.com\/wp-content\/uploads\/2025\/01\/Case_05_IMG03.png 387w, https:\/\/www.boltinsight.com\/wp-content\/uploads\/2025\/01\/Case_05_IMG03-300x278.png 300w, https:\/\/www.boltinsight.com\/wp-content\/uploads\/2025\/01\/Case_05_IMG03-324x300.png 324w\" sizes=\"auto, (max-width: 387px) 100vw, 387px\" alt=\"Case_05_IMG03\" \t\tclass=\"so-widget-image\"\/>\n\t<\/div>\n\n<\/div><\/div><\/div><\/div><\/div><div id=\"pg-2438-6\"  class=\"panel-grid panel-no-style\" ><div id=\"pgc-2438-6-0\"  class=\"panel-grid-cell\" ><div id=\"panel-2438-6-0-0\" class=\"so-panel widget widget_sow-image panel-first-child panel-last-child\" data-index=\"11\" ><div\n\t\t\t\n\t\t\tclass=\"so-widget-sow-image so-widget-sow-image-default-c67d20f9f743-2438\"\n\t\t\t\n\t\t>\n<div class=\"sow-image-container\">\n\t\t<img loading=\"lazy\" decoding=\"async\" src=\"https:\/\/www.boltinsight.com\/wp-content\/uploads\/2025\/01\/Case_05_IMG04.png\" width=\"384\" height=\"355\" srcset=\"https:\/\/www.boltinsight.com\/wp-content\/uploads\/2025\/01\/Case_05_IMG04.png 384w, https:\/\/www.boltinsight.com\/wp-content\/uploads\/2025\/01\/Case_05_IMG04-300x277.png 300w, https:\/\/www.boltinsight.com\/wp-content\/uploads\/2025\/01\/Case_05_IMG04-325x300.png 325w\" sizes=\"auto, (max-width: 384px) 100vw, 384px\" alt=\"Case_05_IMG04\" \t\tclass=\"so-widget-image\"\/>\n\t<\/div>\n\n<\/div><\/div><\/div><div id=\"pgc-2438-6-1\"  class=\"panel-grid-cell\" ><div id=\"panel-2438-6-1-0\" class=\"so-panel widget widget_sow-editor panel-first-child panel-last-child\" data-index=\"12\" ><div\n\t\t\t\n\t\t\tclass=\"so-widget-sow-editor so-widget-sow-editor-base\"\n\t\t\t\n\t\t>\n<div class=\"siteorigin-widget-tinymce textwidget\">\n\t<h4>Analyse personnalisable<\/h4>\n<p>Adapter le focus de BoltChatAI pour s'aligner avec des objectifs commerciaux sp\u00e9cifiques ou des questions de recherche garantit que les donn\u00e9es sont enrichies avec des insights pertinents et cibl\u00e9s.<\/p>\n<p>Cette approche garantit que les r\u00e9sultats sont directement applicables aux d\u00e9cisions strat\u00e9giques, am\u00e9liorant l'efficacit\u00e9 et l'efficience globales<\/p>\n<\/div>\n<\/div><\/div><\/div><\/div><div id=\"pg-2438-7\"  class=\"panel-grid panel-no-style\" ><div id=\"pgc-2438-7-0\"  class=\"panel-grid-cell\" ><div id=\"panel-2438-7-0-0\" class=\"so-panel widget widget_sow-editor panel-first-child panel-last-child\" data-index=\"13\" ><div\n\t\t\t\n\t\t\tclass=\"so-widget-sow-editor so-widget-sow-editor-base\"\n\t\t\t\n\t\t>\n<div class=\"siteorigin-widget-tinymce textwidget\">\n\t<h2 style=\"text-align: center;\">Comment l'exploiter<\/h2>\n<\/div>\n<\/div><\/div><\/div><\/div><div id=\"pg-2438-8\"  class=\"panel-grid panel-has-style\" ><div class=\"fixedicons panel-row-style panel-row-style-for-2438-8\" ><div id=\"pgc-2438-8-0\"  class=\"panel-grid-cell\" ><div id=\"panel-2438-8-0-0\" class=\"so-panel widget widget_sow-image panel-first-child\" data-index=\"14\" ><div\n\t\t\t\n\t\t\tclass=\"so-widget-sow-image so-widget-sow-image-default-8b5b6f678277-2438\"\n\t\t\t\n\t\t>\n<div class=\"sow-image-container\">\n\t\t<img loading=\"lazy\" decoding=\"async\" src=\"https:\/\/www.boltinsight.com\/wp-content\/uploads\/2025\/01\/BRIEF-Icon-1.png\" width=\"90\" height=\"87\" sizes=\"auto, (max-width: 90px) 100vw, 90px\" title=\"BRIEF Icon\" alt=\"BRIEF Icon\" \t\tclass=\"so-widget-image\"\/>\n\t<\/div>\n\n<\/div><\/div><div id=\"panel-2438-8-0-1\" class=\"so-panel widget widget_sow-editor panel-last-child\" data-index=\"15\" ><div class=\"lighterheading panel-widget-style panel-widget-style-for-2438-8-0-1\" ><div\n\t\t\t\n\t\t\tclass=\"so-widget-sow-editor so-widget-sow-editor-base\"\n\t\t\t\n\t\t>\n<div class=\"siteorigin-widget-tinymce textwidget\">\n\t<h4> Brief<\/h4>\n<p><strong>Configuration de l'audience, question br\u00fblante, Cr\u00e9ation de prompt de chat par IA<\/strong><br \/>\nD\u00e9finissez votre audience cible et vos objectifs cl\u00e9s pour le test cr\u00e9atif. Formulez une question centrale ou un objectif pour le test, comme la compr\u00e9hension de la r\u00e9action d'une d\u00e9mographie particuli\u00e8re \u00e0 un concept cr\u00e9atif. <\/p>\n<\/div>\n<\/div><\/div><\/div><\/div><div id=\"pgc-2438-8-1\"  class=\"panel-grid-cell\" ><div id=\"panel-2438-8-1-0\" class=\"so-panel widget widget_sow-image panel-first-child\" data-index=\"16\" ><div\n\t\t\t\n\t\t\tclass=\"so-widget-sow-image so-widget-sow-image-default-8b5b6f678277-2438\"\n\t\t\t\n\t\t>\n<div class=\"sow-image-container\">\n\t\t<img loading=\"lazy\" decoding=\"async\" src=\"https:\/\/www.boltinsight.com\/wp-content\/uploads\/2025\/01\/STIMULUS-UPLOAD-ICON-1.png\" width=\"90\" height=\"90\" sizes=\"auto, (max-width: 90px) 100vw, 90px\" title=\"STIMULUS UPLOAD ICON\" alt=\"STIMULUS UPLOAD ICON\" \t\tclass=\"so-widget-image\"\/>\n\t<\/div>\n\n<\/div><\/div><div id=\"panel-2438-8-1-1\" class=\"so-panel widget widget_sow-editor panel-last-child\" data-index=\"17\" ><div class=\"lighterheading panel-widget-style panel-widget-style-for-2438-8-1-1\" ><div\n\t\t\t\n\t\t\tclass=\"so-widget-sow-editor so-widget-sow-editor-base\"\n\t\t\t\n\t\t>\n<div class=\"siteorigin-widget-tinymce textwidget\">\n\t<h4> T\u00e9l\u00e9chargement de stimuli<\/h4>\n<p>T\u00e9l\u00e9chargez vos concepts cr\u00e9atifs dans la plateforme BoltChatAI. Cela peut inclure des publicit\u00e9s visuelles, du texte, de la vid\u00e9o ou tout autre mat\u00e9riel cr\u00e9atif. <\/p>\n<\/div>\n<\/div><\/div><\/div><\/div><div id=\"pgc-2438-8-2\"  class=\"panel-grid-cell\" ><div id=\"panel-2438-8-2-0\" class=\"so-panel widget widget_sow-image panel-first-child\" data-index=\"18\" ><div\n\t\t\t\n\t\t\tclass=\"so-widget-sow-image so-widget-sow-image-default-8b5b6f678277-2438\"\n\t\t\t\n\t\t>\n<div class=\"sow-image-container\">\n\t\t<img loading=\"lazy\" decoding=\"async\" src=\"https:\/\/www.boltinsight.com\/wp-content\/uploads\/2025\/01\/AI-Chat-ICON-1.png\" width=\"112\" height=\"100\" sizes=\"auto, (max-width: 112px) 100vw, 112px\" title=\"AI Chat ICON\" alt=\"AI Chat ICON\" \t\tclass=\"so-widget-image\"\/>\n\t<\/div>\n\n<\/div><\/div><div id=\"panel-2438-8-2-1\" class=\"so-panel widget widget_sow-editor panel-last-child\" data-index=\"19\" ><div class=\"lighterheading panel-widget-style panel-widget-style-for-2438-8-2-1\" ><div\n\t\t\t\n\t\t\tclass=\"so-widget-sow-editor so-widget-sow-editor-base\"\n\t\t\t\n\t\t>\n<div class=\"siteorigin-widget-tinymce textwidget\">\n\t<h4>Discussion avec l'IA<\/h4>\n<p>BoltChatAI cr\u00e9era un guide de discussion pour r\u00e9pondre \u00e0 votre objectif de recherche, que vous pourrez examiner et approuver.<\/p>\n<p>Le mod\u00e9rateur IA engagera les r\u00e9pondants dans un format de discussion, approfondissant l'analyse et obtenant des insights qualitatifs.<\/p>\n<\/div>\n<\/div><\/div><\/div><\/div><div id=\"pgc-2438-8-3\"  class=\"panel-grid-cell\" ><div id=\"panel-2438-8-3-0\" class=\"so-panel widget widget_sow-image panel-first-child\" data-index=\"20\" ><div\n\t\t\t\n\t\t\tclass=\"so-widget-sow-image so-widget-sow-image-default-8b5b6f678277-2438\"\n\t\t\t\n\t\t>\n<div class=\"sow-image-container\">\n\t\t<img loading=\"lazy\" decoding=\"async\" src=\"https:\/\/www.boltinsight.com\/wp-content\/uploads\/2025\/01\/CHAT-W-REPORT-ICON.png\" width=\"90\" height=\"86\" sizes=\"auto, (max-width: 90px) 100vw, 90px\" title=\"CHAT W REPORT ICON\" alt=\"CHAT W REPORT ICON\" \t\tclass=\"so-widget-image\"\/>\n\t<\/div>\n\n<\/div><\/div><div id=\"panel-2438-8-3-1\" class=\"so-panel widget widget_sow-editor panel-last-child\" data-index=\"21\" ><div class=\"lighterheading panel-widget-style panel-widget-style-for-2438-8-3-1\" ><div\n\t\t\t\n\t\t\tclass=\"so-widget-sow-editor so-widget-sow-editor-base\"\n\t\t\t\n\t\t>\n<div class=\"siteorigin-widget-tinymce textwidget\">\n\t<h4>Chattez avec le rapport IA<\/h4>\n<p>Apr\u00e8s une session de discussion, BoltChatAI cr\u00e9era un rapport d\u00e9taill\u00e9 r\u00e9sumant les d\u00e9couvertes, les insights, incluant les r\u00e9ponses notables des consommateurs. Ce rapport aide \u00e0 \u00e9valuer les forces et les faiblesses des concepts cr\u00e9atifs sous diff\u00e9rentes perspectives. <\/p>\n<p>Les utilisateurs peuvent utiliser ReportAI pour poser des questions suppl\u00e9mentaires au mod\u00e9rateur IA et explorer davantage les d\u00e9couvertes cl\u00e9s.<\/p>\n<\/div>\n<\/div><\/div><\/div><\/div><\/div><\/div><div id=\"pg-2438-9\"  class=\"panel-grid panel-no-style\" ><div id=\"pgc-2438-9-0\"  class=\"panel-grid-cell\" ><div id=\"panel-2438-9-0-0\" class=\"so-panel widget widget_so-premium-mirror-widget panel-first-child panel-last-child\" data-index=\"22\" ><div\n\t\t\t\n\t\t\tclass=\"so-widget-so-premium-mirror-widget so-widget-so-premium-mirror-widget-default-d75171398898-2438\"\n\t\t\t\n\t\t><div id=\"pl-w69eb949c0e091\"  class=\"panel-layout\" ><div id=\"pg-w69eb949c0e091-0\"  class=\"panel-grid panel-has-style\" ><div class=\"greenpanelcta siteorigin-panels-stretch panel-row-style panel-row-style-for-w69eb949c0e091-0\" data-stretch-type=\"full\" ><div id=\"pgc-w69eb949c0e091-0-0\"  class=\"panel-grid-cell panel-grid-cell-empty\" ><\/div><div id=\"pgc-w69eb949c0e091-0-1\"  class=\"panel-grid-cell panel-grid-cell-mobile-last\" ><div id=\"panel-w69eb949c0e091-0-1-0\" class=\"so-panel widget widget_sow-editor panel-first-child\" data-index=\"0\" ><div\n\t\t\t\n\t\t\tclass=\"so-widget-sow-editor so-widget-sow-editor-base\"\n\t\t\t\n\t\t>\n<div class=\"siteorigin-widget-tinymce textwidget\">\n\t<h3>D\u00e9couvrez la recherche de march\u00e9 qualitative propuls\u00e9e par l'IA en action avec une d\u00e9mo personnalis\u00e9e.<\/h3>\n<\/div>\n<\/div><\/div><div id=\"panel-w69eb949c0e091-0-1-1\" class=\"so-panel widget widget_sow-editor panel-last-child\" data-index=\"1\" ><div class=\"colorbuttonwhite popmake-889 panel-widget-style panel-widget-style-for-w69eb949c0e091-0-1-1\" ><div\n\t\t\t\n\t\t\tclass=\"so-widget-sow-editor so-widget-sow-editor-base\"\n\t\t\t\n\t\t>\n<div class=\"siteorigin-widget-tinymce textwidget\">\n\t<p><a href=\"#\">R\u00e9servez une d\u00e9mo d\u00e8s maintenant !<\/a><\/p>\n<\/div>\n<\/div><\/div><\/div><\/div><div id=\"pgc-w69eb949c0e091-0-2\"  class=\"panel-grid-cell panel-grid-cell-empty\" ><\/div><\/div><\/div><\/div><\/div><\/div><\/div><\/div><\/div>","protected":false},"excerpt":{"rendered":"<p>Enrichissement des donn\u00e9es quantitatives<\/p>\n","protected":false},"author":1,"featured_media":0,"parent":0,"menu_order":0,"comment_status":"closed","ping_status":"closed","template":"","meta":{"_acf_changed":false,"footnotes":""},"class_list":["post-2438","page","type-page","status-publish","hentry"],"acf":[],"yoast_head":"<!-- This site is optimized with the Yoast SEO plugin v24.6 - https:\/\/yoast.com\/wordpress\/plugins\/seo\/ -->\n<title>Enrichissement des donn\u00e9es quantitatives - Bolt Chat AI<\/title>\n<meta name=\"robots\" content=\"index, follow, max-snippet:-1, max-image-preview:large, max-video-preview:-1\" \/>\n<link rel=\"canonical\" href=\"https:\/\/www.boltinsight.com\/fr\/enrichissement-des-donnees-quantitatives\/\" \/>\n<meta property=\"og:locale\" content=\"fr_FR\" \/>\n<meta property=\"og:type\" content=\"article\" \/>\n<meta property=\"og:title\" content=\"Enrichissement des donn\u00e9es quantitatives - Bolt Chat AI\" \/>\n<meta property=\"og:description\" content=\"Enrichissement des donn\u00e9es quantitatives\" \/>\n<meta property=\"og:url\" content=\"https:\/\/www.boltinsight.com\/fr\/enrichissement-des-donnees-quantitatives\/\" \/>\n<meta property=\"og:site_name\" content=\"Bolt\" \/>\n<meta property=\"article:modified_time\" content=\"2025-05-27T08:43:38+00:00\" \/>\n<meta name=\"twitter:card\" content=\"summary_large_image\" \/>\n<script type=\"application\/ld+json\" class=\"yoast-schema-graph\">{\"@context\":\"https:\/\/schema.org\",\"@graph\":[{\"@type\":\"WebPage\",\"@id\":\"https:\/\/www.boltinsight.com\/fr\/enrichissement-des-donnees-quantitatives\/\",\"url\":\"https:\/\/www.boltinsight.com\/fr\/enrichissement-des-donnees-quantitatives\/\",\"name\":\"Enrichissement des donn\u00e9es quantitatives - Bolt Chat AI\",\"isPartOf\":{\"@id\":\"https:\/\/www.boltinsight.com\/fr\/#website\"},\"datePublished\":\"2025-01-27T14:28:53+00:00\",\"dateModified\":\"2025-05-27T08:43:38+00:00\",\"breadcrumb\":{\"@id\":\"https:\/\/www.boltinsight.com\/fr\/enrichissement-des-donnees-quantitatives\/#breadcrumb\"},\"inLanguage\":\"fr-FR\",\"potentialAction\":[{\"@type\":\"ReadAction\",\"target\":[\"https:\/\/www.boltinsight.com\/fr\/enrichissement-des-donnees-quantitatives\/\"]}]},{\"@type\":\"BreadcrumbList\",\"@id\":\"https:\/\/www.boltinsight.com\/fr\/enrichissement-des-donnees-quantitatives\/#breadcrumb\",\"itemListElement\":[{\"@type\":\"ListItem\",\"position\":1,\"name\":\"Home\",\"item\":\"https:\/\/www.boltinsight.com\/fr\/\"},{\"@type\":\"ListItem\",\"position\":2,\"name\":\"Enrichissement des donn\u00e9es quantitatives\"}]},{\"@type\":\"WebSite\",\"@id\":\"https:\/\/www.boltinsight.com\/fr\/#website\",\"url\":\"https:\/\/www.boltinsight.com\/fr\/\",\"name\":\"Bolt\",\"description\":\"\",\"potentialAction\":[{\"@type\":\"SearchAction\",\"target\":{\"@type\":\"EntryPoint\",\"urlTemplate\":\"https:\/\/www.boltinsight.com\/fr\/?s={search_term_string}\"},\"query-input\":{\"@type\":\"PropertyValueSpecification\",\"valueRequired\":true,\"valueName\":\"search_term_string\"}}],\"inLanguage\":\"fr-FR\"}]}<\/script>\n<!-- \/ Yoast SEO plugin. -->","yoast_head_json":{"title":"Enrichissement des donn\u00e9es quantitatives - Bolt Chat AI","robots":{"index":"index","follow":"follow","max-snippet":"max-snippet:-1","max-image-preview":"max-image-preview:large","max-video-preview":"max-video-preview:-1"},"canonical":"https:\/\/www.boltinsight.com\/fr\/enrichissement-des-donnees-quantitatives\/","og_locale":"fr_FR","og_type":"article","og_title":"Enrichissement des donn\u00e9es quantitatives - Bolt Chat AI","og_description":"Enrichissement des donn\u00e9es quantitatives","og_url":"https:\/\/www.boltinsight.com\/fr\/enrichissement-des-donnees-quantitatives\/","og_site_name":"Bolt","article_modified_time":"2025-05-27T08:43:38+00:00","twitter_card":"summary_large_image","schema":{"@context":"https:\/\/schema.org","@graph":[{"@type":"WebPage","@id":"https:\/\/www.boltinsight.com\/fr\/enrichissement-des-donnees-quantitatives\/","url":"https:\/\/www.boltinsight.com\/fr\/enrichissement-des-donnees-quantitatives\/","name":"Enrichissement des donn\u00e9es quantitatives - Bolt Chat AI","isPartOf":{"@id":"https:\/\/www.boltinsight.com\/fr\/#website"},"datePublished":"2025-01-27T14:28:53+00:00","dateModified":"2025-05-27T08:43:38+00:00","breadcrumb":{"@id":"https:\/\/www.boltinsight.com\/fr\/enrichissement-des-donnees-quantitatives\/#breadcrumb"},"inLanguage":"fr-FR","potentialAction":[{"@type":"ReadAction","target":["https:\/\/www.boltinsight.com\/fr\/enrichissement-des-donnees-quantitatives\/"]}]},{"@type":"BreadcrumbList","@id":"https:\/\/www.boltinsight.com\/fr\/enrichissement-des-donnees-quantitatives\/#breadcrumb","itemListElement":[{"@type":"ListItem","position":1,"name":"Home","item":"https:\/\/www.boltinsight.com\/fr\/"},{"@type":"ListItem","position":2,"name":"Enrichissement des donn\u00e9es quantitatives"}]},{"@type":"WebSite","@id":"https:\/\/www.boltinsight.com\/fr\/#website","url":"https:\/\/www.boltinsight.com\/fr\/","name":"Bolt","description":"","potentialAction":[{"@type":"SearchAction","target":{"@type":"EntryPoint","urlTemplate":"https:\/\/www.boltinsight.com\/fr\/?s={search_term_string}"},"query-input":{"@type":"PropertyValueSpecification","valueRequired":true,"valueName":"search_term_string"}}],"inLanguage":"fr-FR"}]}},"_links":{"self":[{"href":"https:\/\/www.boltinsight.com\/fr\/wp-json\/wp\/v2\/pages\/2438","targetHints":{"allow":["GET"]}}],"collection":[{"href":"https:\/\/www.boltinsight.com\/fr\/wp-json\/wp\/v2\/pages"}],"about":[{"href":"https:\/\/www.boltinsight.com\/fr\/wp-json\/wp\/v2\/types\/page"}],"author":[{"embeddable":true,"href":"https:\/\/www.boltinsight.com\/fr\/wp-json\/wp\/v2\/users\/1"}],"replies":[{"embeddable":true,"href":"https:\/\/www.boltinsight.com\/fr\/wp-json\/wp\/v2\/comments?post=2438"}],"version-history":[{"count":1,"href":"https:\/\/www.boltinsight.com\/fr\/wp-json\/wp\/v2\/pages\/2438\/revisions"}],"predecessor-version":[{"id":2439,"href":"https:\/\/www.boltinsight.com\/fr\/wp-json\/wp\/v2\/pages\/2438\/revisions\/2439"}],"wp:attachment":[{"href":"https:\/\/www.boltinsight.com\/fr\/wp-json\/wp\/v2\/media?parent=2438"}],"curies":[{"name":"wp","href":"https:\/\/api.w.org\/{rel}","templated":true}]}}