{"id":2442,"date":"2025-01-27T14:29:21","date_gmt":"2025-01-27T14:29:21","guid":{"rendered":"https:\/\/www.boltinsight.com\/collection-de-citations-et-informations-humaines\/"},"modified":"2025-05-27T09:54:17","modified_gmt":"2025-05-27T08:54:17","slug":"collection-de-citations-et-informations-humaines","status":"publish","type":"page","link":"https:\/\/www.boltinsight.com\/fr\/collection-de-citations-et-informations-humaines\/","title":{"rendered":"Collection de citations et informations humaines"},"content":{"rendered":"<div id=\"pl-2442\"  class=\"panel-layout\" ><div id=\"pg-2442-0\"  class=\"panel-grid panel-no-style\" ><div id=\"pgc-2442-0-0\"  class=\"panel-grid-cell\" ><div id=\"panel-2442-0-0-0\" class=\"so-panel widget widget_sow-image panel-first-child\" data-index=\"0\" ><div\n\t\t\t\n\t\t\tclass=\"so-widget-sow-image so-widget-sow-image-default-8b5b6f678277-2442\"\n\t\t\t\n\t\t>\n<div class=\"sow-image-container\">\n\t\t<img loading=\"lazy\" decoding=\"async\" src=\"https:\/\/www.boltinsight.com\/wp-content\/uploads\/2025\/01\/Icon-5.png\" width=\"130\" height=\"133\" sizes=\"auto, (max-width: 130px) 100vw, 130px\" title=\"Icon 5\" alt=\"Icon 5\" \t\tclass=\"so-widget-image\"\/>\n\t<\/div>\n\n<\/div><\/div><div id=\"panel-2442-0-0-1\" class=\"so-panel widget widget_sow-editor panel-last-child\" data-index=\"1\" ><div\n\t\t\t\n\t\t\tclass=\"so-widget-sow-editor so-widget-sow-editor-base\"\n\t\t\t\n\t\t>\n<div class=\"siteorigin-widget-tinymce textwidget\">\n\t<h1>Collection de citations<br \/>\net informations humaines<br \/>\n<\/h1>\n<\/div>\n<\/div><\/div><\/div><div id=\"pgc-2442-0-1\"  class=\"panel-grid-cell\" ><div id=\"panel-2442-0-1-0\" class=\"so-panel widget widget_sow-image panel-first-child panel-last-child\" data-index=\"2\" ><div\n\t\t\t\n\t\t\tclass=\"so-widget-sow-image so-widget-sow-image-default-8b5b6f678277-2442\"\n\t\t\t\n\t\t>\n<div class=\"sow-image-container\">\n\t\t<img loading=\"lazy\" decoding=\"async\" src=\"https:\/\/www.boltinsight.com\/wp-content\/uploads\/2025\/01\/7_1.png\" width=\"488\" height=\"568\" srcset=\"https:\/\/www.boltinsight.com\/wp-content\/uploads\/2025\/01\/7_1.png 488w, https:\/\/www.boltinsight.com\/wp-content\/uploads\/2025\/01\/7_1-258x300.png 258w\" sizes=\"auto, (max-width: 488px) 100vw, 488px\" alt=\"7_1\" \t\tclass=\"so-widget-image\"\/>\n\t<\/div>\n\n<\/div><\/div><\/div><\/div><div id=\"pg-2442-1\"  class=\"panel-grid panel-has-style\" ><div class=\"extramarginbelow siteorigin-panels-stretch panel-row-style panel-row-style-for-2442-1\" data-stretch-type=\"full-width-stretch\" ><div id=\"pgc-2442-1-0\"  class=\"panel-grid-cell\" ><div id=\"panel-2442-1-0-0\" class=\"so-panel widget widget_siteorigin-panels-builder panel-first-child panel-last-child\" data-index=\"3\" ><div class=\"bluepanelsolutions panel-widget-style panel-widget-style-for-2442-1-0-0\" ><div id=\"pl-w679902070b478\"  class=\"panel-layout\" ><div id=\"pg-w679902070b478-0\"  class=\"panel-grid panel-no-style\" ><div id=\"pgc-w679902070b478-0-0\"  class=\"panel-grid-cell\" ><div id=\"panel-w679902070b478-0-0-0\" class=\"so-panel widget widget_sow-image panel-first-child panel-last-child\" data-index=\"0\" ><div\n\t\t\t\n\t\t\tclass=\"so-widget-sow-image so-widget-sow-image-default-8b5b6f678277\"\n\t\t\t\n\t\t>\n<div class=\"sow-image-container\">\n\t\t<img loading=\"lazy\" decoding=\"async\" src=\"https:\/\/www.boltinsight.com\/wp-content\/uploads\/2025\/01\/1_7.png\" width=\"500\" height=\"500\" srcset=\"https:\/\/www.boltinsight.com\/wp-content\/uploads\/2025\/01\/1_7.png 500w, https:\/\/www.boltinsight.com\/wp-content\/uploads\/2025\/01\/1_7-300x300.png 300w, https:\/\/www.boltinsight.com\/wp-content\/uploads\/2025\/01\/1_7-150x150.png 150w, https:\/\/www.boltinsight.com\/wp-content\/uploads\/2025\/01\/1_7-400x400.png 400w\" sizes=\"auto, (max-width: 500px) 100vw, 500px\" alt=\"1_7\" \t\tclass=\"so-widget-image\"\/>\n\t<\/div>\n\n<\/div><\/div><\/div><div id=\"pgc-w679902070b478-0-1\"  class=\"panel-grid-cell\" ><div id=\"panel-w679902070b478-0-1-0\" class=\"so-panel widget widget_sow-editor panel-first-child panel-last-child\" data-index=\"1\" ><div class=\"lighterheading panel-widget-style panel-widget-style-for-w679902070b478-0-1-0\" ><div\n\t\t\t\n\t\t\tclass=\"so-widget-sow-editor so-widget-sow-editor-base\"\n\t\t\t\n\t\t>\n<div class=\"siteorigin-widget-tinymce textwidget\">\n\t<h2>Qu'est-ce que c'est ?<\/h2>\n<p>La collecte d'informations et de citations vivantes est essentielle pour l'authenticit\u00e9, l'empathie et la profondeur.<\/p>\n<p>BoltChatAI r\u00e9volutionne ce processus en facilitant la collecte d'informations et de citations humaines r\u00e9elles de mani\u00e8re efficace. Il capture les pens\u00e9es, les opinions et les citations authentiques des consommateurs sur divers sujets.<\/p>\n<\/div>\n<\/div><\/div><\/div><\/div><\/div><\/div><\/div><\/div><\/div><\/div><\/div><div id=\"pg-2442-2\"  class=\"panel-grid panel-no-style\" ><div id=\"pgc-2442-2-0\"  class=\"panel-grid-cell\" ><div id=\"panel-2442-2-0-0\" class=\"so-panel widget widget_sow-editor panel-first-child panel-last-child\" data-index=\"4\" ><div\n\t\t\t\n\t\t\tclass=\"so-widget-sow-editor so-widget-sow-editor-base\"\n\t\t\t\n\t\t>\n<div class=\"siteorigin-widget-tinymce textwidget\">\n\t<h2 style=\"text-align: center;\">Pourquoi l'utiliser ?<\/h2>\n<\/div>\n<\/div><\/div><\/div><\/div><div id=\"pg-2442-3\"  class=\"panel-grid panel-no-style\" ><div id=\"pgc-2442-3-0\"  class=\"panel-grid-cell\" ><div id=\"panel-2442-3-0-0\" class=\"so-panel widget widget_sow-editor panel-first-child panel-last-child\" data-index=\"5\" ><div\n\t\t\t\n\t\t\tclass=\"so-widget-sow-editor so-widget-sow-editor-base\"\n\t\t\t\n\t\t>\n<div class=\"siteorigin-widget-tinymce textwidget\">\n\t<h4>Langage riche<br \/>\net authentique<\/h4>\n<p>Obtenez de v\u00e9ritables points de vue humains et des citations qui ajoutent de la cr\u00e9dibilit\u00e9 et de la vraisemblance \u00e0 vos id\u00e9es.<\/p>\n<\/div>\n<\/div><\/div><\/div><div id=\"pgc-2442-3-1\"  class=\"panel-grid-cell\" ><div id=\"panel-2442-3-1-0\" class=\"so-panel widget widget_sow-image panel-first-child panel-last-child\" data-index=\"6\" ><div\n\t\t\t\n\t\t\tclass=\"so-widget-sow-image so-widget-sow-image-default-c67d20f9f743-2442\"\n\t\t\t\n\t\t>\n<div class=\"sow-image-container\">\n\t\t<img loading=\"lazy\" decoding=\"async\" src=\"https:\/\/www.boltinsight.com\/wp-content\/uploads\/2025\/01\/Case_07_IMG01.png\" width=\"384\" height=\"355\" srcset=\"https:\/\/www.boltinsight.com\/wp-content\/uploads\/2025\/01\/Case_07_IMG01.png 384w, https:\/\/www.boltinsight.com\/wp-content\/uploads\/2025\/01\/Case_07_IMG01-300x277.png 300w, https:\/\/www.boltinsight.com\/wp-content\/uploads\/2025\/01\/Case_07_IMG01-325x300.png 325w\" sizes=\"auto, (max-width: 384px) 100vw, 384px\" alt=\"Case_07_IMG01\" \t\tclass=\"so-widget-image\"\/>\n\t<\/div>\n\n<\/div><\/div><\/div><\/div><div id=\"pg-2442-4\"  class=\"panel-grid panel-no-style\" ><div id=\"pgc-2442-4-0\"  class=\"panel-grid-cell\" ><div id=\"panel-2442-4-0-0\" class=\"so-panel widget widget_sow-image panel-first-child panel-last-child\" data-index=\"7\" ><div\n\t\t\t\n\t\t\tclass=\"so-widget-sow-image so-widget-sow-image-default-c67d20f9f743-2442\"\n\t\t\t\n\t\t>\n<div class=\"sow-image-container\">\n\t\t<img loading=\"lazy\" decoding=\"async\" src=\"https:\/\/www.boltinsight.com\/wp-content\/uploads\/2025\/01\/Case_07_IMG02.png\" width=\"383\" height=\"384\" srcset=\"https:\/\/www.boltinsight.com\/wp-content\/uploads\/2025\/01\/Case_07_IMG02.png 383w, https:\/\/www.boltinsight.com\/wp-content\/uploads\/2025\/01\/Case_07_IMG02-300x300.png 300w, https:\/\/www.boltinsight.com\/wp-content\/uploads\/2025\/01\/Case_07_IMG02-150x150.png 150w, https:\/\/www.boltinsight.com\/wp-content\/uploads\/2025\/01\/Case_07_IMG02-299x300.png 299w\" sizes=\"auto, (max-width: 383px) 100vw, 383px\" alt=\"Case_07_IMG02\" \t\tclass=\"so-widget-image\"\/>\n\t<\/div>\n\n<\/div><\/div><\/div><div id=\"pgc-2442-4-1\"  class=\"panel-grid-cell\" ><div id=\"panel-2442-4-1-0\" class=\"so-panel widget widget_sow-editor panel-first-child panel-last-child\" data-index=\"8\" ><div\n\t\t\t\n\t\t\tclass=\"so-widget-sow-editor so-widget-sow-editor-base\"\n\t\t\t\n\t\t>\n<div class=\"siteorigin-widget-tinymce textwidget\">\n\t<h4>Perspectives diverses<\/h4>\n<p>Acc\u00e9dez \u00e0 un large \u00e9ventail de points de vue \u00e0 travers diverses audiences, assurant une compr\u00e9hension inclusive du sujet.<\/p>\n<\/div>\n<\/div><\/div><\/div><\/div><div id=\"pg-2442-5\"  class=\"panel-grid panel-has-style\" ><div class=\"extramarginbelow panel-row-style panel-row-style-for-2442-5\" ><div id=\"pgc-2442-5-0\"  class=\"panel-grid-cell\" ><div id=\"panel-2442-5-0-0\" class=\"so-panel widget widget_sow-editor panel-first-child panel-last-child\" data-index=\"9\" ><div\n\t\t\t\n\t\t\tclass=\"so-widget-sow-editor so-widget-sow-editor-base\"\n\t\t\t\n\t\t>\n<div class=\"siteorigin-widget-tinymce textwidget\">\n\t<h4>Optimisation du temps<\/h4>\n<p>Collectez des informations et des citations plus rapidement que les m\u00e9thodes traditionnelles comme les entretiens ou les sondages.<\/p>\n<\/div>\n<\/div><\/div><\/div><div id=\"pgc-2442-5-1\"  class=\"panel-grid-cell\" ><div id=\"panel-2442-5-1-0\" class=\"so-panel widget widget_sow-image panel-first-child panel-last-child\" data-index=\"10\" ><div\n\t\t\t\n\t\t\tclass=\"so-widget-sow-image so-widget-sow-image-default-c67d20f9f743-2442\"\n\t\t\t\n\t\t>\n<div class=\"sow-image-container\">\n\t\t<img loading=\"lazy\" decoding=\"async\" src=\"https:\/\/www.boltinsight.com\/wp-content\/uploads\/2025\/01\/Case_07_IMG03.png\" width=\"396\" height=\"387\" srcset=\"https:\/\/www.boltinsight.com\/wp-content\/uploads\/2025\/01\/Case_07_IMG03.png 396w, https:\/\/www.boltinsight.com\/wp-content\/uploads\/2025\/01\/Case_07_IMG03-300x293.png 300w, https:\/\/www.boltinsight.com\/wp-content\/uploads\/2025\/01\/Case_07_IMG03-307x300.png 307w\" sizes=\"auto, (max-width: 396px) 100vw, 396px\" alt=\"Case_07_IMG03\" \t\tclass=\"so-widget-image\"\/>\n\t<\/div>\n\n<\/div><\/div><\/div><\/div><\/div><div id=\"pg-2442-6\"  class=\"panel-grid panel-no-style\" ><div id=\"pgc-2442-6-0\"  class=\"panel-grid-cell\" ><div id=\"panel-2442-6-0-0\" class=\"so-panel widget widget_sow-editor panel-first-child panel-last-child\" data-index=\"11\" ><div\n\t\t\t\n\t\t\tclass=\"so-widget-sow-editor so-widget-sow-editor-base\"\n\t\t\t\n\t\t>\n<div class=\"siteorigin-widget-tinymce textwidget\">\n\t<h2 style=\"text-align: center;\">Comment l'exploiter<\/h2>\n<\/div>\n<\/div><\/div><\/div><\/div><div id=\"pg-2442-7\"  class=\"panel-grid panel-has-style\" ><div class=\"fixedicons panel-row-style panel-row-style-for-2442-7\" ><div id=\"pgc-2442-7-0\"  class=\"panel-grid-cell\" ><div id=\"panel-2442-7-0-0\" class=\"so-panel widget widget_sow-image panel-first-child\" data-index=\"12\" ><div\n\t\t\t\n\t\t\tclass=\"so-widget-sow-image so-widget-sow-image-default-8b5b6f678277-2442\"\n\t\t\t\n\t\t>\n<div class=\"sow-image-container\">\n\t\t<img loading=\"lazy\" decoding=\"async\" src=\"https:\/\/www.boltinsight.com\/wp-content\/uploads\/2025\/01\/BRIEF-Icon-1.png\" width=\"90\" height=\"87\" sizes=\"auto, (max-width: 90px) 100vw, 90px\" title=\"BRIEF Icon\" alt=\"BRIEF Icon\" \t\tclass=\"so-widget-image\"\/>\n\t<\/div>\n\n<\/div><\/div><div id=\"panel-2442-7-0-1\" class=\"so-panel widget widget_sow-editor panel-last-child\" data-index=\"13\" ><div class=\"lighterheading panel-widget-style panel-widget-style-for-2442-7-0-1\" ><div\n\t\t\t\n\t\t\tclass=\"so-widget-sow-editor so-widget-sow-editor-base\"\n\t\t\t\n\t\t>\n<div class=\"siteorigin-widget-tinymce textwidget\">\n\t<h4> Brief<\/h4>\n<p><strong>Configuration de l'audience, question br\u00fblante, Cr\u00e9ation de prompt de chat par IA<\/strong><br \/>\nD\u00e9finissez votre audience cible et vos objectifs cl\u00e9s pour le test cr\u00e9atif. Formulez une question centrale ou un objectif pour le test, comme la compr\u00e9hension de la r\u00e9action d'une d\u00e9mographie particuli\u00e8re \u00e0 un concept cr\u00e9atif.<\/p>\n<\/div>\n<\/div><\/div><\/div><\/div><div id=\"pgc-2442-7-1\"  class=\"panel-grid-cell\" ><div id=\"panel-2442-7-1-0\" class=\"so-panel widget widget_sow-image panel-first-child\" data-index=\"14\" ><div\n\t\t\t\n\t\t\tclass=\"so-widget-sow-image so-widget-sow-image-default-8b5b6f678277-2442\"\n\t\t\t\n\t\t>\n<div class=\"sow-image-container\">\n\t\t<img loading=\"lazy\" decoding=\"async\" src=\"https:\/\/www.boltinsight.com\/wp-content\/uploads\/2025\/01\/STIMULUS-UPLOAD-ICON-1.png\" width=\"90\" height=\"90\" sizes=\"auto, (max-width: 90px) 100vw, 90px\" title=\"STIMULUS UPLOAD ICON\" alt=\"STIMULUS UPLOAD ICON\" \t\tclass=\"so-widget-image\"\/>\n\t<\/div>\n\n<\/div><\/div><div id=\"panel-2442-7-1-1\" class=\"so-panel widget widget_sow-editor panel-last-child\" data-index=\"15\" ><div class=\"lighterheading panel-widget-style panel-widget-style-for-2442-7-1-1\" ><div\n\t\t\t\n\t\t\tclass=\"so-widget-sow-editor so-widget-sow-editor-base\"\n\t\t\t\n\t\t>\n<div class=\"siteorigin-widget-tinymce textwidget\">\n\t<h4> T\u00e9l\u00e9chargement de stimuli<\/h4>\n<p>T\u00e9l\u00e9chargez vos concepts cr\u00e9atifs dans la plateforme BoltChatAI. Cela peut inclure des publicit\u00e9s visuelles, du texte, de la vid\u00e9o ou tout autre mat\u00e9riel cr\u00e9atif.<\/p>\n<\/div>\n<\/div><\/div><\/div><\/div><div id=\"pgc-2442-7-2\"  class=\"panel-grid-cell\" ><div id=\"panel-2442-7-2-0\" class=\"so-panel widget widget_sow-image panel-first-child\" data-index=\"16\" ><div\n\t\t\t\n\t\t\tclass=\"so-widget-sow-image so-widget-sow-image-default-8b5b6f678277-2442\"\n\t\t\t\n\t\t>\n<div class=\"sow-image-container\">\n\t\t<img loading=\"lazy\" decoding=\"async\" src=\"https:\/\/www.boltinsight.com\/wp-content\/uploads\/2025\/01\/AI-Chat-ICON-1.png\" width=\"112\" height=\"100\" sizes=\"auto, (max-width: 112px) 100vw, 112px\" title=\"AI Chat ICON\" alt=\"AI Chat ICON\" \t\tclass=\"so-widget-image\"\/>\n\t<\/div>\n\n<\/div><\/div><div id=\"panel-2442-7-2-1\" class=\"so-panel widget widget_sow-editor panel-last-child\" data-index=\"17\" ><div class=\"lighterheading panel-widget-style panel-widget-style-for-2442-7-2-1\" ><div\n\t\t\t\n\t\t\tclass=\"so-widget-sow-editor so-widget-sow-editor-base\"\n\t\t\t\n\t\t>\n<div class=\"siteorigin-widget-tinymce textwidget\">\n\t<h4>Discussion avec l'IA<\/h4>\n<p>BoltChatAI cr\u00e9era un guide de discussion pour r\u00e9pondre \u00e0 votre objectif de recherche, que vous pourrez examiner et approuver.<\/p>\n<p>Le mod\u00e9rateur IA engagera les r\u00e9pondants dans un format de discussion, approfondissant l'analyse et obtenant des insights qualitatifs.<\/p>\n<\/div>\n<\/div><\/div><\/div><\/div><div id=\"pgc-2442-7-3\"  class=\"panel-grid-cell\" ><div id=\"panel-2442-7-3-0\" class=\"so-panel widget widget_sow-image panel-first-child\" data-index=\"18\" ><div\n\t\t\t\n\t\t\tclass=\"so-widget-sow-image so-widget-sow-image-default-8b5b6f678277-2442\"\n\t\t\t\n\t\t>\n<div class=\"sow-image-container\">\n\t\t<img loading=\"lazy\" decoding=\"async\" src=\"https:\/\/www.boltinsight.com\/wp-content\/uploads\/2025\/01\/CHAT-W-REPORT-ICON.png\" width=\"90\" height=\"86\" sizes=\"auto, (max-width: 90px) 100vw, 90px\" title=\"CHAT W REPORT ICON\" alt=\"CHAT W REPORT ICON\" \t\tclass=\"so-widget-image\"\/>\n\t<\/div>\n\n<\/div><\/div><div id=\"panel-2442-7-3-1\" class=\"so-panel widget widget_sow-editor panel-last-child\" data-index=\"19\" ><div class=\"lighterheading panel-widget-style panel-widget-style-for-2442-7-3-1\" ><div\n\t\t\t\n\t\t\tclass=\"so-widget-sow-editor so-widget-sow-editor-base\"\n\t\t\t\n\t\t>\n<div class=\"siteorigin-widget-tinymce textwidget\">\n\t<h4>Chattez avec le rapport IA<\/h4>\n<p>Apr\u00e8s une session de discussion, BoltChatAI cr\u00e9era un rapport d\u00e9taill\u00e9 r\u00e9sumant les d\u00e9couvertes, les insights, incluant les r\u00e9ponses notables des consommateurs. Ce rapport aide \u00e0 \u00e9valuer les forces et les faiblesses des concepts cr\u00e9atifs sous diff\u00e9rentes perspectives.<\/p>\n<p>Les utilisateurs peuvent utiliser ReportAI pour poser des questions suppl\u00e9mentaires au mod\u00e9rateur IA et explorer davantage les d\u00e9couvertes cl\u00e9s.<\/p>\n<\/div>\n<\/div><\/div><\/div><\/div><\/div><\/div><div id=\"pg-2442-8\"  class=\"panel-grid panel-no-style\" ><div id=\"pgc-2442-8-0\"  class=\"panel-grid-cell\" ><div id=\"panel-2442-8-0-0\" class=\"so-panel widget widget_so-premium-mirror-widget panel-first-child panel-last-child\" data-index=\"20\" ><div\n\t\t\t\n\t\t\tclass=\"so-widget-so-premium-mirror-widget so-widget-so-premium-mirror-widget-default-d75171398898-2442\"\n\t\t\t\n\t\t><div id=\"pl-w69f21b1e7238a\"  class=\"panel-layout\" ><div id=\"pg-w69f21b1e7238a-0\"  class=\"panel-grid panel-has-style\" ><div class=\"greenpanelcta siteorigin-panels-stretch panel-row-style panel-row-style-for-w69f21b1e7238a-0\" data-stretch-type=\"full\" ><div id=\"pgc-w69f21b1e7238a-0-0\"  class=\"panel-grid-cell panel-grid-cell-empty\" ><\/div><div id=\"pgc-w69f21b1e7238a-0-1\"  class=\"panel-grid-cell panel-grid-cell-mobile-last\" ><div id=\"panel-w69f21b1e7238a-0-1-0\" class=\"so-panel widget widget_sow-editor panel-first-child\" data-index=\"0\" ><div\n\t\t\t\n\t\t\tclass=\"so-widget-sow-editor so-widget-sow-editor-base\"\n\t\t\t\n\t\t>\n<div class=\"siteorigin-widget-tinymce textwidget\">\n\t<h3>D\u00e9couvrez la recherche de march\u00e9 qualitative propuls\u00e9e par l'IA en action avec une d\u00e9mo personnalis\u00e9e.<\/h3>\n<\/div>\n<\/div><\/div><div id=\"panel-w69f21b1e7238a-0-1-1\" class=\"so-panel widget widget_sow-editor panel-last-child\" data-index=\"1\" ><div class=\"colorbuttonwhite popmake-889 panel-widget-style panel-widget-style-for-w69f21b1e7238a-0-1-1\" ><div\n\t\t\t\n\t\t\tclass=\"so-widget-sow-editor so-widget-sow-editor-base\"\n\t\t\t\n\t\t>\n<div class=\"siteorigin-widget-tinymce textwidget\">\n\t<p><a href=\"#\">R\u00e9servez une d\u00e9mo d\u00e8s maintenant !<\/a><\/p>\n<\/div>\n<\/div><\/div><\/div><\/div><div id=\"pgc-w69f21b1e7238a-0-2\"  class=\"panel-grid-cell panel-grid-cell-empty\" ><\/div><\/div><\/div><\/div><\/div><\/div><\/div><\/div><\/div>","protected":false},"excerpt":{"rendered":"<p>Collection de citations et informations humaines<\/p>\n","protected":false},"author":1,"featured_media":0,"parent":0,"menu_order":0,"comment_status":"closed","ping_status":"closed","template":"","meta":{"_acf_changed":false,"footnotes":""},"class_list":["post-2442","page","type-page","status-publish","hentry"],"acf":[],"yoast_head":"<!-- This site is optimized with the Yoast SEO plugin v24.6 - https:\/\/yoast.com\/wordpress\/plugins\/seo\/ -->\n<title>Collection de citations et informations humaines<\/title>\n<meta name=\"robots\" content=\"index, follow, max-snippet:-1, max-image-preview:large, max-video-preview:-1\" \/>\n<link rel=\"canonical\" href=\"https:\/\/www.boltinsight.com\/fr\/collection-de-citations-et-informations-humaines\/\" \/>\n<meta property=\"og:locale\" content=\"fr_FR\" \/>\n<meta property=\"og:type\" content=\"article\" \/>\n<meta property=\"og:title\" content=\"Collection de citations et informations humaines\" \/>\n<meta property=\"og:description\" content=\"Collection de citations et informations humaines\" \/>\n<meta property=\"og:url\" content=\"https:\/\/www.boltinsight.com\/fr\/collection-de-citations-et-informations-humaines\/\" \/>\n<meta property=\"og:site_name\" content=\"Bolt\" \/>\n<meta property=\"article:modified_time\" content=\"2025-05-27T08:54:17+00:00\" \/>\n<meta name=\"twitter:card\" content=\"summary_large_image\" \/>\n<script type=\"application\/ld+json\" class=\"yoast-schema-graph\">{\"@context\":\"https:\/\/schema.org\",\"@graph\":[{\"@type\":\"WebPage\",\"@id\":\"https:\/\/www.boltinsight.com\/fr\/collection-de-citations-et-informations-humaines\/\",\"url\":\"https:\/\/www.boltinsight.com\/fr\/collection-de-citations-et-informations-humaines\/\",\"name\":\"Collection de citations et informations humaines\",\"isPartOf\":{\"@id\":\"https:\/\/www.boltinsight.com\/fr\/#website\"},\"datePublished\":\"2025-01-27T14:29:21+00:00\",\"dateModified\":\"2025-05-27T08:54:17+00:00\",\"breadcrumb\":{\"@id\":\"https:\/\/www.boltinsight.com\/fr\/collection-de-citations-et-informations-humaines\/#breadcrumb\"},\"inLanguage\":\"fr-FR\",\"potentialAction\":[{\"@type\":\"ReadAction\",\"target\":[\"https:\/\/www.boltinsight.com\/fr\/collection-de-citations-et-informations-humaines\/\"]}]},{\"@type\":\"BreadcrumbList\",\"@id\":\"https:\/\/www.boltinsight.com\/fr\/collection-de-citations-et-informations-humaines\/#breadcrumb\",\"itemListElement\":[{\"@type\":\"ListItem\",\"position\":1,\"name\":\"Home\",\"item\":\"https:\/\/www.boltinsight.com\/fr\/\"},{\"@type\":\"ListItem\",\"position\":2,\"name\":\"Collection de citations et informations humaines\"}]},{\"@type\":\"WebSite\",\"@id\":\"https:\/\/www.boltinsight.com\/fr\/#website\",\"url\":\"https:\/\/www.boltinsight.com\/fr\/\",\"name\":\"Bolt\",\"description\":\"\",\"potentialAction\":[{\"@type\":\"SearchAction\",\"target\":{\"@type\":\"EntryPoint\",\"urlTemplate\":\"https:\/\/www.boltinsight.com\/fr\/?s={search_term_string}\"},\"query-input\":{\"@type\":\"PropertyValueSpecification\",\"valueRequired\":true,\"valueName\":\"search_term_string\"}}],\"inLanguage\":\"fr-FR\"}]}<\/script>\n<!-- \/ Yoast SEO plugin. -->","yoast_head_json":{"title":"Collection de citations et informations humaines","robots":{"index":"index","follow":"follow","max-snippet":"max-snippet:-1","max-image-preview":"max-image-preview:large","max-video-preview":"max-video-preview:-1"},"canonical":"https:\/\/www.boltinsight.com\/fr\/collection-de-citations-et-informations-humaines\/","og_locale":"fr_FR","og_type":"article","og_title":"Collection de citations et informations humaines","og_description":"Collection de citations et informations humaines","og_url":"https:\/\/www.boltinsight.com\/fr\/collection-de-citations-et-informations-humaines\/","og_site_name":"Bolt","article_modified_time":"2025-05-27T08:54:17+00:00","twitter_card":"summary_large_image","schema":{"@context":"https:\/\/schema.org","@graph":[{"@type":"WebPage","@id":"https:\/\/www.boltinsight.com\/fr\/collection-de-citations-et-informations-humaines\/","url":"https:\/\/www.boltinsight.com\/fr\/collection-de-citations-et-informations-humaines\/","name":"Collection de citations et informations humaines","isPartOf":{"@id":"https:\/\/www.boltinsight.com\/fr\/#website"},"datePublished":"2025-01-27T14:29:21+00:00","dateModified":"2025-05-27T08:54:17+00:00","breadcrumb":{"@id":"https:\/\/www.boltinsight.com\/fr\/collection-de-citations-et-informations-humaines\/#breadcrumb"},"inLanguage":"fr-FR","potentialAction":[{"@type":"ReadAction","target":["https:\/\/www.boltinsight.com\/fr\/collection-de-citations-et-informations-humaines\/"]}]},{"@type":"BreadcrumbList","@id":"https:\/\/www.boltinsight.com\/fr\/collection-de-citations-et-informations-humaines\/#breadcrumb","itemListElement":[{"@type":"ListItem","position":1,"name":"Home","item":"https:\/\/www.boltinsight.com\/fr\/"},{"@type":"ListItem","position":2,"name":"Collection de citations et informations humaines"}]},{"@type":"WebSite","@id":"https:\/\/www.boltinsight.com\/fr\/#website","url":"https:\/\/www.boltinsight.com\/fr\/","name":"Bolt","description":"","potentialAction":[{"@type":"SearchAction","target":{"@type":"EntryPoint","urlTemplate":"https:\/\/www.boltinsight.com\/fr\/?s={search_term_string}"},"query-input":{"@type":"PropertyValueSpecification","valueRequired":true,"valueName":"search_term_string"}}],"inLanguage":"fr-FR"}]}},"_links":{"self":[{"href":"https:\/\/www.boltinsight.com\/fr\/wp-json\/wp\/v2\/pages\/2442","targetHints":{"allow":["GET"]}}],"collection":[{"href":"https:\/\/www.boltinsight.com\/fr\/wp-json\/wp\/v2\/pages"}],"about":[{"href":"https:\/\/www.boltinsight.com\/fr\/wp-json\/wp\/v2\/types\/page"}],"author":[{"embeddable":true,"href":"https:\/\/www.boltinsight.com\/fr\/wp-json\/wp\/v2\/users\/1"}],"replies":[{"embeddable":true,"href":"https:\/\/www.boltinsight.com\/fr\/wp-json\/wp\/v2\/comments?post=2442"}],"version-history":[{"count":1,"href":"https:\/\/www.boltinsight.com\/fr\/wp-json\/wp\/v2\/pages\/2442\/revisions"}],"predecessor-version":[{"id":2443,"href":"https:\/\/www.boltinsight.com\/fr\/wp-json\/wp\/v2\/pages\/2442\/revisions\/2443"}],"wp:attachment":[{"href":"https:\/\/www.boltinsight.com\/fr\/wp-json\/wp\/v2\/media?parent=2442"}],"curies":[{"name":"wp","href":"https:\/\/api.w.org\/{rel}","templated":true}]}}