{"id":2444,"date":"2025-01-27T14:29:32","date_gmt":"2025-01-27T14:29:32","guid":{"rendered":"https:\/\/www.boltinsight.com\/analyse-de-sentiment\/"},"modified":"2025-05-27T10:00:46","modified_gmt":"2025-05-27T09:00:46","slug":"analyse-de-sentiment","status":"publish","type":"page","link":"https:\/\/www.boltinsight.com\/fr\/analyse-de-sentiment\/","title":{"rendered":"Analyse de sentiment"},"content":{"rendered":"<div id=\"pl-2444\"  class=\"panel-layout\" ><div id=\"pg-2444-0\"  class=\"panel-grid panel-no-style\" ><div id=\"pgc-2444-0-0\"  class=\"panel-grid-cell\" ><div id=\"panel-2444-0-0-0\" class=\"so-panel widget widget_sow-image panel-first-child\" data-index=\"0\" ><div\n\t\t\t\n\t\t\tclass=\"so-widget-sow-image so-widget-sow-image-default-8b5b6f678277-2444\"\n\t\t\t\n\t\t>\n<div class=\"sow-image-container\">\n\t\t<img loading=\"lazy\" decoding=\"async\" src=\"https:\/\/www.boltinsight.com\/wp-content\/uploads\/2025\/01\/Icon-6.png\" width=\"125\" height=\"132\" sizes=\"auto, (max-width: 125px) 100vw, 125px\" title=\"Icon 6\" alt=\"Icon 6\" \t\tclass=\"so-widget-image\"\/>\n\t<\/div>\n\n<\/div><\/div><div id=\"panel-2444-0-0-1\" class=\"so-panel widget widget_sow-editor panel-last-child\" data-index=\"1\" ><div\n\t\t\t\n\t\t\tclass=\"so-widget-sow-editor so-widget-sow-editor-base\"\n\t\t\t\n\t\t>\n<div class=\"siteorigin-widget-tinymce textwidget\">\n\t<h1>Analyse<br \/>\nde sentiment<br \/>\n<\/h1>\n<\/div>\n<\/div><\/div><\/div><div id=\"pgc-2444-0-1\"  class=\"panel-grid-cell\" ><div id=\"panel-2444-0-1-0\" class=\"so-panel widget widget_sow-image panel-first-child panel-last-child\" data-index=\"2\" ><div\n\t\t\t\n\t\t\tclass=\"so-widget-sow-image so-widget-sow-image-default-8b5b6f678277-2444\"\n\t\t\t\n\t\t>\n<div class=\"sow-image-container\">\n\t\t<img loading=\"lazy\" decoding=\"async\" src=\"https:\/\/www.boltinsight.com\/wp-content\/uploads\/2025\/01\/8_1.png\" width=\"488\" height=\"568\" srcset=\"https:\/\/www.boltinsight.com\/wp-content\/uploads\/2025\/01\/8_1.png 488w, https:\/\/www.boltinsight.com\/wp-content\/uploads\/2025\/01\/8_1-258x300.png 258w\" sizes=\"auto, (max-width: 488px) 100vw, 488px\" alt=\"8_1\" \t\tclass=\"so-widget-image\"\/>\n\t<\/div>\n\n<\/div><\/div><\/div><\/div><div id=\"pg-2444-1\"  class=\"panel-grid panel-has-style\" ><div class=\"extramarginbelow siteorigin-panels-stretch panel-row-style panel-row-style-for-2444-1\" data-stretch-type=\"full-width-stretch\" ><div id=\"pgc-2444-1-0\"  class=\"panel-grid-cell\" ><div id=\"panel-2444-1-0-0\" class=\"so-panel widget widget_siteorigin-panels-builder panel-first-child panel-last-child\" data-index=\"3\" ><div class=\"bluepanelsolutions panel-widget-style panel-widget-style-for-2444-1-0-0\" ><div id=\"pl-w679903265d72d\"  class=\"panel-layout\" ><div id=\"pg-w679903265d72d-0\"  class=\"panel-grid panel-no-style\" ><div id=\"pgc-w679903265d72d-0-0\"  class=\"panel-grid-cell\" ><div id=\"panel-w679903265d72d-0-0-0\" class=\"so-panel widget widget_sow-image panel-first-child panel-last-child\" data-index=\"0\" ><div\n\t\t\t\n\t\t\tclass=\"so-widget-sow-image so-widget-sow-image-default-8b5b6f678277\"\n\t\t\t\n\t\t>\n<div class=\"sow-image-container\">\n\t\t<img loading=\"lazy\" decoding=\"async\" src=\"https:\/\/www.boltinsight.com\/wp-content\/uploads\/2025\/01\/1_8.png\" width=\"500\" height=\"500\" srcset=\"https:\/\/www.boltinsight.com\/wp-content\/uploads\/2025\/01\/1_8.png 500w, https:\/\/www.boltinsight.com\/wp-content\/uploads\/2025\/01\/1_8-300x300.png 300w, https:\/\/www.boltinsight.com\/wp-content\/uploads\/2025\/01\/1_8-150x150.png 150w, https:\/\/www.boltinsight.com\/wp-content\/uploads\/2025\/01\/1_8-400x400.png 400w\" sizes=\"auto, (max-width: 500px) 100vw, 500px\" alt=\"1_8\" \t\tclass=\"so-widget-image\"\/>\n\t<\/div>\n\n<\/div><\/div><\/div><div id=\"pgc-w679903265d72d-0-1\"  class=\"panel-grid-cell\" ><div id=\"panel-w679903265d72d-0-1-0\" class=\"so-panel widget widget_sow-editor panel-first-child panel-last-child\" data-index=\"1\" ><div class=\"lighterheading panel-widget-style panel-widget-style-for-w679903265d72d-0-1-0\" ><div\n\t\t\t\n\t\t\tclass=\"so-widget-sow-editor so-widget-sow-editor-base\"\n\t\t\t\n\t\t>\n<div class=\"siteorigin-widget-tinymce textwidget\">\n\t<h2>Qu'est-ce que c'est ?<\/h2>\n<p>L'analyse de sentiment est essentielle pour comprendre la perception publique et les r\u00e9ponses \u00e9motionnelles aux marques, produits ou \u00e9v\u00e9nements.<\/p>\n<p>BoltChatAI offre une plateforme avanc\u00e9e pour l'analyse de sentiment, exploitant l'IA pour discuter avec les consommateurs et aider \u00e0 interpr\u00e9ter et analyser les tonalit\u00e9s \u00e9motionnelles des conversations.<\/p>\n<\/div>\n<\/div><\/div><\/div><\/div><\/div><\/div><\/div><\/div><\/div><\/div><\/div><div id=\"pg-2444-2\"  class=\"panel-grid panel-no-style\" ><div id=\"pgc-2444-2-0\"  class=\"panel-grid-cell\" ><div id=\"panel-2444-2-0-0\" class=\"so-panel widget widget_sow-editor panel-first-child panel-last-child\" data-index=\"4\" ><div\n\t\t\t\n\t\t\tclass=\"so-widget-sow-editor so-widget-sow-editor-base\"\n\t\t\t\n\t\t>\n<div class=\"siteorigin-widget-tinymce textwidget\">\n\t<h2 style=\"text-align: center;\">Pourquoi l'utiliser ?<\/h2>\n<\/div>\n<\/div><\/div><\/div><\/div><div id=\"pg-2444-3\"  class=\"panel-grid panel-no-style\" ><div id=\"pgc-2444-3-0\"  class=\"panel-grid-cell\" ><div id=\"panel-2444-3-0-0\" class=\"so-panel widget widget_sow-editor panel-first-child panel-last-child\" data-index=\"5\" ><div\n\t\t\t\n\t\t\tclass=\"so-widget-sow-editor so-widget-sow-editor-base\"\n\t\t\t\n\t\t>\n<div class=\"siteorigin-widget-tinymce textwidget\">\n\t<h4>Compr\u00e9hension compl\u00e8te du sentiment<\/h4>\n<p>Obtenez une compr\u00e9hension nuanc\u00e9e du sentiment public au-del\u00e0 des classifications de base positives ou n\u00e9gatives.<\/p>\n<\/div>\n<\/div><\/div><\/div><div id=\"pgc-2444-3-1\"  class=\"panel-grid-cell\" ><div id=\"panel-2444-3-1-0\" class=\"so-panel widget widget_sow-image panel-first-child panel-last-child\" data-index=\"6\" ><div\n\t\t\t\n\t\t\tclass=\"so-widget-sow-image so-widget-sow-image-default-c67d20f9f743-2444\"\n\t\t\t\n\t\t>\n<div class=\"sow-image-container\">\n\t\t<img loading=\"lazy\" decoding=\"async\" src=\"https:\/\/www.boltinsight.com\/wp-content\/uploads\/2025\/01\/Case_08_IMG01.png\" width=\"391\" height=\"361\" srcset=\"https:\/\/www.boltinsight.com\/wp-content\/uploads\/2025\/01\/Case_08_IMG01.png 391w, https:\/\/www.boltinsight.com\/wp-content\/uploads\/2025\/01\/Case_08_IMG01-300x277.png 300w, https:\/\/www.boltinsight.com\/wp-content\/uploads\/2025\/01\/Case_08_IMG01-325x300.png 325w\" sizes=\"auto, (max-width: 391px) 100vw, 391px\" alt=\"Case_08_IMG01\" \t\tclass=\"so-widget-image\"\/>\n\t<\/div>\n\n<\/div><\/div><\/div><\/div><div id=\"pg-2444-4\"  class=\"panel-grid panel-no-style\" ><div id=\"pgc-2444-4-0\"  class=\"panel-grid-cell\" ><div id=\"panel-2444-4-0-0\" class=\"so-panel widget widget_sow-image panel-first-child panel-last-child\" data-index=\"7\" ><div\n\t\t\t\n\t\t\tclass=\"so-widget-sow-image so-widget-sow-image-default-c67d20f9f743-2444\"\n\t\t\t\n\t\t>\n<div class=\"sow-image-container\">\n\t\t<img loading=\"lazy\" decoding=\"async\" src=\"https:\/\/www.boltinsight.com\/wp-content\/uploads\/2025\/01\/Case_08_IMG02.png\" width=\"384\" height=\"354\" srcset=\"https:\/\/www.boltinsight.com\/wp-content\/uploads\/2025\/01\/Case_08_IMG02.png 384w, https:\/\/www.boltinsight.com\/wp-content\/uploads\/2025\/01\/Case_08_IMG02-300x277.png 300w, https:\/\/www.boltinsight.com\/wp-content\/uploads\/2025\/01\/Case_08_IMG02-325x300.png 325w\" sizes=\"auto, (max-width: 384px) 100vw, 384px\" alt=\"Case_08_IMG02\" \t\tclass=\"so-widget-image\"\/>\n\t<\/div>\n\n<\/div><\/div><\/div><div id=\"pgc-2444-4-1\"  class=\"panel-grid-cell\" ><div id=\"panel-2444-4-1-0\" class=\"so-panel widget widget_sow-editor panel-first-child panel-last-child\" data-index=\"8\" ><div\n\t\t\t\n\t\t\tclass=\"so-widget-sow-editor so-widget-sow-editor-base\"\n\t\t\t\n\t\t>\n<div class=\"siteorigin-widget-tinymce textwidget\">\n\t<h4>Analyse en temps r\u00e9el<\/h4>\n<p>Analysez le sentiment en temps r\u00e9el, permettant des r\u00e9ponses opportunes aux retours des clients ou aux changements d'opinion publique.<\/p>\n<\/div>\n<\/div><\/div><\/div><\/div><div id=\"pg-2444-5\"  class=\"panel-grid panel-has-style\" ><div class=\"extramarginbelow panel-row-style panel-row-style-for-2444-5\" ><div id=\"pgc-2444-5-0\"  class=\"panel-grid-cell\" ><div id=\"panel-2444-5-0-0\" class=\"so-panel widget widget_sow-editor panel-first-child panel-last-child\" data-index=\"9\" ><div\n\t\t\t\n\t\t\tclass=\"so-widget-sow-editor so-widget-sow-editor-base\"\n\t\t\t\n\t\t>\n<div class=\"siteorigin-widget-tinymce textwidget\">\n\t<h4>D\u00e9veloppement de strat\u00e9gie bas\u00e9e sur les donn\u00e9es<\/h4>\n<p>Utiliser les informations sur les sentiments pour alimenter les strat\u00e9gies de marketing, de d\u00e9veloppement de produits et de service \u00e0 la client\u00e8le.<\/p>\n<\/div>\n<\/div><\/div><\/div><div id=\"pgc-2444-5-1\"  class=\"panel-grid-cell\" ><div id=\"panel-2444-5-1-0\" class=\"so-panel widget widget_sow-image panel-first-child panel-last-child\" data-index=\"10\" ><div\n\t\t\t\n\t\t\tclass=\"so-widget-sow-image so-widget-sow-image-default-c67d20f9f743-2444\"\n\t\t\t\n\t\t>\n<div class=\"sow-image-container\">\n\t\t<img loading=\"lazy\" decoding=\"async\" src=\"https:\/\/www.boltinsight.com\/wp-content\/uploads\/2025\/01\/Case_08_IMG03.png\" width=\"385\" height=\"356\" srcset=\"https:\/\/www.boltinsight.com\/wp-content\/uploads\/2025\/01\/Case_08_IMG03.png 385w, https:\/\/www.boltinsight.com\/wp-content\/uploads\/2025\/01\/Case_08_IMG03-300x277.png 300w, https:\/\/www.boltinsight.com\/wp-content\/uploads\/2025\/01\/Case_08_IMG03-324x300.png 324w\" sizes=\"auto, (max-width: 385px) 100vw, 385px\" alt=\"Case_08_IMG03\" \t\tclass=\"so-widget-image\"\/>\n\t<\/div>\n\n<\/div><\/div><\/div><\/div><\/div><div id=\"pg-2444-6\"  class=\"panel-grid panel-no-style\" ><div id=\"pgc-2444-6-0\"  class=\"panel-grid-cell\" ><div id=\"panel-2444-6-0-0\" class=\"so-panel widget widget_sow-image panel-first-child panel-last-child\" data-index=\"11\" ><div\n\t\t\t\n\t\t\tclass=\"so-widget-sow-image so-widget-sow-image-default-c67d20f9f743-2444\"\n\t\t\t\n\t\t>\n<div class=\"sow-image-container\">\n\t\t<img loading=\"lazy\" decoding=\"async\" src=\"https:\/\/www.boltinsight.com\/wp-content\/uploads\/2025\/01\/Case_08_IMG04.png\" width=\"392\" height=\"358\" srcset=\"https:\/\/www.boltinsight.com\/wp-content\/uploads\/2025\/01\/Case_08_IMG04.png 392w, https:\/\/www.boltinsight.com\/wp-content\/uploads\/2025\/01\/Case_08_IMG04-300x274.png 300w, https:\/\/www.boltinsight.com\/wp-content\/uploads\/2025\/01\/Case_08_IMG04-328x300.png 328w\" sizes=\"auto, (max-width: 392px) 100vw, 392px\" alt=\"Case_08_IMG04\" \t\tclass=\"so-widget-image\"\/>\n\t<\/div>\n\n<\/div><\/div><\/div><div id=\"pgc-2444-6-1\"  class=\"panel-grid-cell\" ><div id=\"panel-2444-6-1-0\" class=\"so-panel widget widget_sow-editor panel-first-child panel-last-child\" data-index=\"12\" ><div\n\t\t\t\n\t\t\tclass=\"so-widget-sow-editor so-widget-sow-editor-base\"\n\t\t\t\n\t\t>\n<div class=\"siteorigin-widget-tinymce textwidget\">\n\t<h4>Surveillance de la r\u00e9putation<br \/>\nde la marque<\/h4>\n<p>Gardez le pouls de la perception publique de votre marque, identifiant les probl\u00e8mes potentiels avant qu'ils ne s'intensifient.<\/p>\n<\/div>\n<\/div><\/div><\/div><\/div><div id=\"pg-2444-7\"  class=\"panel-grid panel-no-style\" ><div id=\"pgc-2444-7-0\"  class=\"panel-grid-cell\" ><div id=\"panel-2444-7-0-0\" class=\"so-panel widget widget_sow-editor panel-first-child panel-last-child\" data-index=\"13\" ><div\n\t\t\t\n\t\t\tclass=\"so-widget-sow-editor so-widget-sow-editor-base\"\n\t\t\t\n\t\t>\n<div class=\"siteorigin-widget-tinymce textwidget\">\n\t<h2 style=\"text-align: center;\">Comment l'exploiter<\/h2>\n<\/div>\n<\/div><\/div><\/div><\/div><div id=\"pg-2444-8\"  class=\"panel-grid panel-has-style\" ><div class=\"fixedicons panel-row-style panel-row-style-for-2444-8\" ><div id=\"pgc-2444-8-0\"  class=\"panel-grid-cell\" ><div id=\"panel-2444-8-0-0\" class=\"so-panel widget widget_sow-image panel-first-child\" data-index=\"14\" ><div\n\t\t\t\n\t\t\tclass=\"so-widget-sow-image so-widget-sow-image-default-8b5b6f678277-2444\"\n\t\t\t\n\t\t>\n<div class=\"sow-image-container\">\n\t\t<img loading=\"lazy\" decoding=\"async\" src=\"https:\/\/www.boltinsight.com\/wp-content\/uploads\/2025\/01\/BRIEF-Icon-1.png\" width=\"90\" height=\"87\" sizes=\"auto, (max-width: 90px) 100vw, 90px\" title=\"BRIEF Icon\" alt=\"BRIEF Icon\" \t\tclass=\"so-widget-image\"\/>\n\t<\/div>\n\n<\/div><\/div><div id=\"panel-2444-8-0-1\" class=\"so-panel widget widget_sow-editor panel-last-child\" data-index=\"15\" ><div class=\"lighterheading panel-widget-style panel-widget-style-for-2444-8-0-1\" ><div\n\t\t\t\n\t\t\tclass=\"so-widget-sow-editor so-widget-sow-editor-base\"\n\t\t\t\n\t\t>\n<div class=\"siteorigin-widget-tinymce textwidget\">\n\t<h4> Brief<\/h4>\n<p><strong>Configuration de l'audience, question br\u00fblante, Cr\u00e9ation de prompt de chat par IA<\/strong><br \/>\nD\u00e9finissez votre audience cible et vos objectifs cl\u00e9s pour le test cr\u00e9atif. Formulez une question centrale ou un objectif pour le test, comme la compr\u00e9hension de la r\u00e9action d'une d\u00e9mographie particuli\u00e8re \u00e0 un concept cr\u00e9atif. <\/p>\n<\/div>\n<\/div><\/div><\/div><\/div><div id=\"pgc-2444-8-1\"  class=\"panel-grid-cell\" ><div id=\"panel-2444-8-1-0\" class=\"so-panel widget widget_sow-image panel-first-child\" data-index=\"16\" ><div\n\t\t\t\n\t\t\tclass=\"so-widget-sow-image so-widget-sow-image-default-8b5b6f678277-2444\"\n\t\t\t\n\t\t>\n<div class=\"sow-image-container\">\n\t\t<img loading=\"lazy\" decoding=\"async\" src=\"https:\/\/www.boltinsight.com\/wp-content\/uploads\/2025\/01\/STIMULUS-UPLOAD-ICON-1.png\" width=\"90\" height=\"90\" sizes=\"auto, (max-width: 90px) 100vw, 90px\" title=\"STIMULUS UPLOAD ICON\" alt=\"STIMULUS UPLOAD ICON\" \t\tclass=\"so-widget-image\"\/>\n\t<\/div>\n\n<\/div><\/div><div id=\"panel-2444-8-1-1\" class=\"so-panel widget widget_sow-editor panel-last-child\" data-index=\"17\" ><div class=\"lighterheading panel-widget-style panel-widget-style-for-2444-8-1-1\" ><div\n\t\t\t\n\t\t\tclass=\"so-widget-sow-editor so-widget-sow-editor-base\"\n\t\t\t\n\t\t>\n<div class=\"siteorigin-widget-tinymce textwidget\">\n\t<h4> T\u00e9l\u00e9chargement de stimuli<\/h4>\n<p>T\u00e9l\u00e9chargez vos concepts cr\u00e9atifs dans la plateforme BoltChatAI. Cela peut inclure des publicit\u00e9s visuelles, du texte, de la vid\u00e9o ou tout autre mat\u00e9riel cr\u00e9atif. <\/p>\n<\/div>\n<\/div><\/div><\/div><\/div><div id=\"pgc-2444-8-2\"  class=\"panel-grid-cell\" ><div id=\"panel-2444-8-2-0\" class=\"so-panel widget widget_sow-image panel-first-child\" data-index=\"18\" ><div\n\t\t\t\n\t\t\tclass=\"so-widget-sow-image so-widget-sow-image-default-8b5b6f678277-2444\"\n\t\t\t\n\t\t>\n<div class=\"sow-image-container\">\n\t\t<img loading=\"lazy\" decoding=\"async\" src=\"https:\/\/www.boltinsight.com\/wp-content\/uploads\/2025\/01\/AI-Chat-ICON-1.png\" width=\"112\" height=\"100\" sizes=\"auto, (max-width: 112px) 100vw, 112px\" title=\"AI Chat ICON\" alt=\"AI Chat ICON\" \t\tclass=\"so-widget-image\"\/>\n\t<\/div>\n\n<\/div><\/div><div id=\"panel-2444-8-2-1\" class=\"so-panel widget widget_sow-editor panel-last-child\" data-index=\"19\" ><div class=\"lighterheading panel-widget-style panel-widget-style-for-2444-8-2-1\" ><div\n\t\t\t\n\t\t\tclass=\"so-widget-sow-editor so-widget-sow-editor-base\"\n\t\t\t\n\t\t>\n<div class=\"siteorigin-widget-tinymce textwidget\">\n\t<h4>Discussion avec l'IA<\/h4>\n<p>BoltChatAI cr\u00e9era un guide de discussion pour r\u00e9pondre \u00e0 votre objectif de recherche, que vous pourrez examiner et approuver.<\/p>\n<p>Le mod\u00e9rateur IA engagera les r\u00e9pondants dans un format de discussion, approfondissant l'analyse et obtenant des insights qualitatifs.<\/p>\n<\/div>\n<\/div><\/div><\/div><\/div><div id=\"pgc-2444-8-3\"  class=\"panel-grid-cell\" ><div id=\"panel-2444-8-3-0\" class=\"so-panel widget widget_sow-image panel-first-child\" data-index=\"20\" ><div\n\t\t\t\n\t\t\tclass=\"so-widget-sow-image so-widget-sow-image-default-8b5b6f678277-2444\"\n\t\t\t\n\t\t>\n<div class=\"sow-image-container\">\n\t\t<img loading=\"lazy\" decoding=\"async\" src=\"https:\/\/www.boltinsight.com\/wp-content\/uploads\/2025\/01\/CHAT-W-REPORT-ICON.png\" width=\"90\" height=\"86\" sizes=\"auto, (max-width: 90px) 100vw, 90px\" title=\"CHAT W REPORT ICON\" alt=\"CHAT W REPORT ICON\" \t\tclass=\"so-widget-image\"\/>\n\t<\/div>\n\n<\/div><\/div><div id=\"panel-2444-8-3-1\" class=\"so-panel widget widget_sow-editor panel-last-child\" data-index=\"21\" ><div class=\"lighterheading panel-widget-style panel-widget-style-for-2444-8-3-1\" ><div\n\t\t\t\n\t\t\tclass=\"so-widget-sow-editor so-widget-sow-editor-base\"\n\t\t\t\n\t\t>\n<div class=\"siteorigin-widget-tinymce textwidget\">\n\t<h4>Chattez avec le rapport IA<\/h4>\n<p>Apr\u00e8s une session de discussion, BoltChatAI cr\u00e9era un rapport d\u00e9taill\u00e9 r\u00e9sumant les d\u00e9couvertes, les insights, incluant les r\u00e9ponses notables des consommateurs. Ce rapport aide \u00e0 \u00e9valuer les forces et les faiblesses des concepts cr\u00e9atifs sous diff\u00e9rentes perspectives. <\/p>\n<p>Les utilisateurs peuvent utiliser ReportAI pour poser des questions suppl\u00e9mentaires au mod\u00e9rateur IA et explorer davantage les d\u00e9couvertes cl\u00e9s.<\/p>\n<\/div>\n<\/div><\/div><\/div><\/div><\/div><\/div><div id=\"pg-2444-9\"  class=\"panel-grid panel-no-style\" ><div id=\"pgc-2444-9-0\"  class=\"panel-grid-cell\" ><div id=\"panel-2444-9-0-0\" class=\"so-panel widget widget_so-premium-mirror-widget panel-first-child panel-last-child\" data-index=\"22\" ><div\n\t\t\t\n\t\t\tclass=\"so-widget-so-premium-mirror-widget so-widget-so-premium-mirror-widget-default-d75171398898-2444\"\n\t\t\t\n\t\t><div id=\"pl-w69f217343b5a4\"  class=\"panel-layout\" ><div id=\"pg-w69f217343b5a4-0\"  class=\"panel-grid panel-has-style\" ><div class=\"greenpanelcta siteorigin-panels-stretch panel-row-style panel-row-style-for-w69f217343b5a4-0\" data-stretch-type=\"full\" ><div id=\"pgc-w69f217343b5a4-0-0\"  class=\"panel-grid-cell panel-grid-cell-empty\" ><\/div><div id=\"pgc-w69f217343b5a4-0-1\"  class=\"panel-grid-cell panel-grid-cell-mobile-last\" ><div id=\"panel-w69f217343b5a4-0-1-0\" class=\"so-panel widget widget_sow-editor panel-first-child\" data-index=\"0\" ><div\n\t\t\t\n\t\t\tclass=\"so-widget-sow-editor so-widget-sow-editor-base\"\n\t\t\t\n\t\t>\n<div class=\"siteorigin-widget-tinymce textwidget\">\n\t<h3>D\u00e9couvrez la recherche de march\u00e9 qualitative propuls\u00e9e par l'IA en action avec une d\u00e9mo personnalis\u00e9e.<\/h3>\n<\/div>\n<\/div><\/div><div id=\"panel-w69f217343b5a4-0-1-1\" class=\"so-panel widget widget_sow-editor panel-last-child\" data-index=\"1\" ><div class=\"colorbuttonwhite popmake-889 panel-widget-style panel-widget-style-for-w69f217343b5a4-0-1-1\" ><div\n\t\t\t\n\t\t\tclass=\"so-widget-sow-editor so-widget-sow-editor-base\"\n\t\t\t\n\t\t>\n<div class=\"siteorigin-widget-tinymce textwidget\">\n\t<p><a href=\"#\">R\u00e9servez une d\u00e9mo d\u00e8s maintenant !<\/a><\/p>\n<\/div>\n<\/div><\/div><\/div><\/div><div id=\"pgc-w69f217343b5a4-0-2\"  class=\"panel-grid-cell panel-grid-cell-empty\" ><\/div><\/div><\/div><\/div><\/div><\/div><\/div><\/div><\/div>","protected":false},"excerpt":{"rendered":"<p>Analyse de sentiment<\/p>\n","protected":false},"author":1,"featured_media":0,"parent":0,"menu_order":0,"comment_status":"closed","ping_status":"closed","template":"","meta":{"_acf_changed":false,"footnotes":""},"class_list":["post-2444","page","type-page","status-publish","hentry"],"acf":[],"yoast_head":"<!-- This site is optimized with the Yoast SEO plugin v24.6 - https:\/\/yoast.com\/wordpress\/plugins\/seo\/ -->\n<title>Analyse de sentiment - Bolt Chat AI<\/title>\n<meta name=\"robots\" content=\"index, follow, max-snippet:-1, max-image-preview:large, max-video-preview:-1\" \/>\n<link rel=\"canonical\" href=\"https:\/\/www.boltinsight.com\/fr\/analyse-de-sentiment\/\" \/>\n<meta property=\"og:locale\" content=\"fr_FR\" \/>\n<meta property=\"og:type\" content=\"article\" \/>\n<meta property=\"og:title\" content=\"Analyse de sentiment - Bolt Chat AI\" \/>\n<meta property=\"og:description\" content=\"Analyse de sentiment\" \/>\n<meta property=\"og:url\" content=\"https:\/\/www.boltinsight.com\/fr\/analyse-de-sentiment\/\" \/>\n<meta property=\"og:site_name\" content=\"Bolt\" \/>\n<meta property=\"article:modified_time\" content=\"2025-05-27T09:00:46+00:00\" \/>\n<meta name=\"twitter:card\" content=\"summary_large_image\" \/>\n<meta name=\"twitter:label1\" content=\"Dur\u00e9e de lecture estim\u00e9e\" \/>\n\t<meta name=\"twitter:data1\" content=\"4 minutes\" \/>\n<script type=\"application\/ld+json\" class=\"yoast-schema-graph\">{\"@context\":\"https:\/\/schema.org\",\"@graph\":[{\"@type\":\"WebPage\",\"@id\":\"https:\/\/www.boltinsight.com\/fr\/analyse-de-sentiment\/\",\"url\":\"https:\/\/www.boltinsight.com\/fr\/analyse-de-sentiment\/\",\"name\":\"Analyse de sentiment - Bolt Chat AI\",\"isPartOf\":{\"@id\":\"https:\/\/www.boltinsight.com\/fr\/#website\"},\"datePublished\":\"2025-01-27T14:29:32+00:00\",\"dateModified\":\"2025-05-27T09:00:46+00:00\",\"breadcrumb\":{\"@id\":\"https:\/\/www.boltinsight.com\/fr\/analyse-de-sentiment\/#breadcrumb\"},\"inLanguage\":\"fr-FR\",\"potentialAction\":[{\"@type\":\"ReadAction\",\"target\":[\"https:\/\/www.boltinsight.com\/fr\/analyse-de-sentiment\/\"]}]},{\"@type\":\"BreadcrumbList\",\"@id\":\"https:\/\/www.boltinsight.com\/fr\/analyse-de-sentiment\/#breadcrumb\",\"itemListElement\":[{\"@type\":\"ListItem\",\"position\":1,\"name\":\"Home\",\"item\":\"https:\/\/www.boltinsight.com\/fr\/\"},{\"@type\":\"ListItem\",\"position\":2,\"name\":\"Analyse de sentiment\"}]},{\"@type\":\"WebSite\",\"@id\":\"https:\/\/www.boltinsight.com\/fr\/#website\",\"url\":\"https:\/\/www.boltinsight.com\/fr\/\",\"name\":\"Bolt\",\"description\":\"\",\"potentialAction\":[{\"@type\":\"SearchAction\",\"target\":{\"@type\":\"EntryPoint\",\"urlTemplate\":\"https:\/\/www.boltinsight.com\/fr\/?s={search_term_string}\"},\"query-input\":{\"@type\":\"PropertyValueSpecification\",\"valueRequired\":true,\"valueName\":\"search_term_string\"}}],\"inLanguage\":\"fr-FR\"}]}<\/script>\n<!-- \/ Yoast SEO plugin. -->","yoast_head_json":{"title":"Analyse de sentiment - Bolt Chat AI","robots":{"index":"index","follow":"follow","max-snippet":"max-snippet:-1","max-image-preview":"max-image-preview:large","max-video-preview":"max-video-preview:-1"},"canonical":"https:\/\/www.boltinsight.com\/fr\/analyse-de-sentiment\/","og_locale":"fr_FR","og_type":"article","og_title":"Analyse de sentiment - Bolt Chat AI","og_description":"Analyse de sentiment","og_url":"https:\/\/www.boltinsight.com\/fr\/analyse-de-sentiment\/","og_site_name":"Bolt","article_modified_time":"2025-05-27T09:00:46+00:00","twitter_card":"summary_large_image","twitter_misc":{"Dur\u00e9e de lecture estim\u00e9e":"4 minutes"},"schema":{"@context":"https:\/\/schema.org","@graph":[{"@type":"WebPage","@id":"https:\/\/www.boltinsight.com\/fr\/analyse-de-sentiment\/","url":"https:\/\/www.boltinsight.com\/fr\/analyse-de-sentiment\/","name":"Analyse de sentiment - Bolt Chat AI","isPartOf":{"@id":"https:\/\/www.boltinsight.com\/fr\/#website"},"datePublished":"2025-01-27T14:29:32+00:00","dateModified":"2025-05-27T09:00:46+00:00","breadcrumb":{"@id":"https:\/\/www.boltinsight.com\/fr\/analyse-de-sentiment\/#breadcrumb"},"inLanguage":"fr-FR","potentialAction":[{"@type":"ReadAction","target":["https:\/\/www.boltinsight.com\/fr\/analyse-de-sentiment\/"]}]},{"@type":"BreadcrumbList","@id":"https:\/\/www.boltinsight.com\/fr\/analyse-de-sentiment\/#breadcrumb","itemListElement":[{"@type":"ListItem","position":1,"name":"Home","item":"https:\/\/www.boltinsight.com\/fr\/"},{"@type":"ListItem","position":2,"name":"Analyse de sentiment"}]},{"@type":"WebSite","@id":"https:\/\/www.boltinsight.com\/fr\/#website","url":"https:\/\/www.boltinsight.com\/fr\/","name":"Bolt","description":"","potentialAction":[{"@type":"SearchAction","target":{"@type":"EntryPoint","urlTemplate":"https:\/\/www.boltinsight.com\/fr\/?s={search_term_string}"},"query-input":{"@type":"PropertyValueSpecification","valueRequired":true,"valueName":"search_term_string"}}],"inLanguage":"fr-FR"}]}},"_links":{"self":[{"href":"https:\/\/www.boltinsight.com\/fr\/wp-json\/wp\/v2\/pages\/2444","targetHints":{"allow":["GET"]}}],"collection":[{"href":"https:\/\/www.boltinsight.com\/fr\/wp-json\/wp\/v2\/pages"}],"about":[{"href":"https:\/\/www.boltinsight.com\/fr\/wp-json\/wp\/v2\/types\/page"}],"author":[{"embeddable":true,"href":"https:\/\/www.boltinsight.com\/fr\/wp-json\/wp\/v2\/users\/1"}],"replies":[{"embeddable":true,"href":"https:\/\/www.boltinsight.com\/fr\/wp-json\/wp\/v2\/comments?post=2444"}],"version-history":[{"count":2,"href":"https:\/\/www.boltinsight.com\/fr\/wp-json\/wp\/v2\/pages\/2444\/revisions"}],"predecessor-version":[{"id":2446,"href":"https:\/\/www.boltinsight.com\/fr\/wp-json\/wp\/v2\/pages\/2444\/revisions\/2446"}],"wp:attachment":[{"href":"https:\/\/www.boltinsight.com\/fr\/wp-json\/wp\/v2\/media?parent=2444"}],"curies":[{"name":"wp","href":"https:\/\/api.w.org\/{rel}","templated":true}]}}